{"id":4956,"date":"2021-11-23T08:04:28","date_gmt":"2021-11-23T13:04:28","guid":{"rendered":"https:\/\/cricksuperfoods.com\/?post_type=product&#038;p=4956"},"modified":"2026-04-15T16:34:28","modified_gmt":"2026-04-15T21:34:28","slug":"crick-nachos-aji","status":"publish","type":"product","link":"https:\/\/cricksuperfoods.com\/en\/product\/crick-nachos-aji\/","title":{"rendered":"Crick Nachos 50gr &#8211; Aj\u00ed"},"content":{"rendered":"","protected":false},"excerpt":{"rendered":"[vc_row][vc_column][vc_tta_tabs][vc_tta_section title=\"Beneficios\" tab_id=\"1643045571121-56d4ff28-e2e8\"][vc_column_text]<\/p>\n<ul>\n<li class=\"grillo-bul\">Gluten-free and High in fiber<\/li>\n<li class=\"grillo-bul\">Whey protein free<\/li>\n<li class=\"grillo-bul\">20% protein: 4 times more protein than the average of snacks on the ecuadorian market<\/li>\n<li class=\"grillo-bul\">Nine essential amino acids<\/li>\n<li class=\"grillo-bul\">Vitamin B12, calcium, iron<\/li>\n<\/ul>\n<p>[\/vc_column_text][\/vc_tta_section][vc_tta_section title=\"Ingredientes\" tab_id=\"1643045571113-4c899409-a731\"][vc_row_inner content_placement=\"bottom\"][vc_column_inner width=\"1\/3\"][vc_single_image image=\"5283\" img_size=\"medium\" alignment=\"center\"][vc_column_text]<\/p>\n<p style=\"text-align: center;\">Corn flour<\/p>\n<p>[\/vc_column_text][\/vc_column_inner][vc_column_inner width=\"1\/3\"][vc_single_image image=\"5282\" img_size=\"medium\" alignment=\"center\"][vc_column_text]<\/p>\n<p style=\"text-align: center;\">Broad Bean flour<\/p>\n<p>[\/vc_column_text][\/vc_column_inner][vc_column_inner width=\"1\/3\"][vc_single_image image=\"5281\" img_size=\"medium\" alignment=\"center\"][vc_column_text]<\/p>\n<p style=\"text-align: center;\">Cricket Flour<\/p>\n<p>[\/vc_column_text][\/vc_column_inner][\/vc_row_inner][vc_row_inner][vc_column_inner width=\"1\/4\"][vc_single_image image=\"5279\" img_size=\"medium\" alignment=\"center\"][vc_column_text]<\/p>\n<p style=\"text-align: center;\">Vegetable Oil<\/p>\n<p>[\/vc_column_text][\/vc_column_inner][vc_column_inner width=\"1\/4\"][vc_single_image image=\"5284\" img_size=\"medium\" alignment=\"center\"][vc_column_text]<\/p>\n<p style=\"text-align: center;\">Sea salt<\/p>\n<p>[\/vc_column_text][\/vc_column_inner][vc_column_inner width=\"1\/4\"][vc_single_image image=\"5286\" img_size=\"medium\" alignment=\"center\"][vc_column_text]<\/p>\n<p style=\"text-align: center;\">Chili pepper<\/p>\n<p>[\/vc_column_text][\/vc_column_inner][vc_column_inner width=\"1\/4\"][vc_single_image image=\"5280\" img_size=\"medium\" alignment=\"center\"][vc_column_text]<\/p>\n<p style=\"text-align: center;\">Water<\/p>\n<p>[\/vc_column_text][\/vc_column_inner][\/vc_row_inner][\/vc_tta_section][vc_tta_section title=\"Tiempo de vida \u00fatil\" tab_id=\"1643045775734-56becc5f-5cae\"][vc_column_text]120 d\u00edas, conservaci\u00f3n en ambiente fresco y seco.[\/vc_column_text][\/vc_tta_section][\/vc_tta_tabs][\/vc_column][\/vc_row]\n<a href=\"https:\/\/cricksuperfoods.com\/en\/product\/crick-nachos-aji\/\" class=\"sohohotel-more-link\">Leer m&aacute;s<i class=\"fa fa-angle-right\"><\/i><\/a>","protected":false},"featured_media":5871,"comment_status":"open","ping_status":"closed","template":"","meta":[],"product_brand":[],"product_cat":[197],"product_tag":[],"class_list":{"0":"post-4956","1":"product","2":"type-product","3":"status-publish","4":"has-post-thumbnail","6":"product_cat-nachos-proteicos","8":"first","9":"instock","10":"taxable","11":"shipping-taxable","12":"purchasable","13":"product-type-simple"},"yoast_head":"<!-- This site is optimized with the Yoast SEO plugin v26.9 - https:\/\/yoast.com\/product\/yoast-seo-wordpress\/ -->\n<title>Crick Nachos 50gr - Aj\u00ed - Crick Superfoods<\/title>\n<meta name=\"robots\" content=\"index, follow, max-snippet:-1, max-image-preview:large, max-video-preview:-1\" \/>\n<link rel=\"canonical\" href=\"https:\/\/cricksuperfoods.com\/en\/product\/crick-nachos-aji\/\" \/>\n<meta property=\"og:locale\" content=\"en_US\" \/>\n<meta property=\"og:type\" content=\"article\" \/>\n<meta property=\"og:title\" content=\"Crick Nachos 50gr - Aj\u00ed - Crick Superfoods\" \/>\n<meta property=\"og:url\" content=\"https:\/\/cricksuperfoods.com\/en\/product\/crick-nachos-aji\/\" \/>\n<meta property=\"og:site_name\" content=\"Crick Superfoods\" \/>\n<meta property=\"article:modified_time\" content=\"2026-04-15T21:34:28+00:00\" \/>\n<meta property=\"og:image\" content=\"https:\/\/cricksuperfoods.com\/wp-content\/uploads\/2021\/11\/crick-nachos-aji-new.jpg\" \/>\n\t<meta property=\"og:image:width\" content=\"1000\" \/>\n\t<meta property=\"og:image:height\" content=\"1000\" \/>\n\t<meta property=\"og:image:type\" content=\"image\/jpeg\" \/>\n<meta name=\"twitter:card\" content=\"summary_large_image\" \/>\n<meta name=\"twitter:description\" content=\"[vc_row][vc_column][vc_tta_tabs][vc_tta_section title=&quot;Beneficios&quot; tab_id=&quot;1643045571121-56d4ff28-e2e8&quot;][vc_column_text]   Gluten-free y Alto en fibra  Whey protein free  20% de prote\u00edna: 4 veces m\u00e1s prote\u00edna que la media de snacks del mercado ecuatoriano  Nueve amino\u00e1cidos esenciales  Vitamina B12, calcio, hierro  [\/vc_column_text][\/vc_tta_section][vc_tta_section title=&quot;Ingredientes&quot; tab_id=&quot;1643045571113-4c899409-a731&quot;][vc_row_inner content_placement=&quot;bottom&quot;][vc_column_inner width=&quot;1\/3&quot;][vc_single_image image=&quot;5283&quot; img_size=&quot;medium&quot; alignment=&quot;center&quot;][vc_column_text] Harina de ma\u00edz [\/vc_column_text][\/vc_column_inner][vc_column_inner width=&quot;1\/3&quot;][vc_single_image image=&quot;5282&quot; img_size=&quot;medium&quot; alignment=&quot;center&quot;][vc_column_text] Harina de haba [\/vc_column_text][\/vc_column_inner][vc_column_inner width=&quot;1\/3&quot;][vc_single_image image=&quot;5281&quot; img_size=&quot;medium&quot; alignment=&quot;center&quot;][vc_column_text] Harina de grillo [\/vc_column_text][\/vc_column_inner][\/vc_row_inner][vc_row_inner][vc_column_inner width=&quot;1\/4&quot;][vc_single_image image=&quot;5279&quot; img_size=&quot;medium&quot; alignment=&quot;center&quot;][vc_column_text] Aceite Vegetal [\/vc_column_text][\/vc_column_inner][vc_column_inner width=&quot;1\/4&quot;][vc_single_image image=&quot;5284&quot; img_size=&quot;medium&quot; alignment=&quot;center&quot;][vc_column_text] Sal marina [\/vc_column_text][\/vc_column_inner][vc_column_inner width=&quot;1\/4&quot;][vc_single_image image=&quot;5286&quot; img_size=&quot;medium&quot; alignment=&quot;center&quot;][vc_column_text] Aj\u00ed [\/vc_column_text][\/vc_column_inner][vc_column_inner width=&quot;1\/4&quot;][vc_single_image image=&quot;5280&quot; img_size=&quot;medium&quot; alignment=&quot;center&quot;][vc_column_text] Agua [\/vc_column_text][\/vc_column_inner][\/vc_row_inner][\/vc_tta_section][vc_tta_section title=&quot;Tiempo de vida \u00fatil&quot; tab_id=&quot;1643045775734-56becc5f-5cae&quot;][vc_column_text]120 d\u00edas, conservaci\u00f3n en ambiente fresco y seco.[\/vc_column_text][\/vc_tta_section][\/vc_tta_tabs][\/vc_column][\/vc_row]\" \/>\n<meta name=\"twitter:label1\" content=\"Est. reading time\" \/>\n\t<meta name=\"twitter:data1\" content=\"1 minute\" \/>\n<script type=\"application\/ld+json\" class=\"yoast-schema-graph\">{\"@context\":\"https:\/\/schema.org\",\"@graph\":[{\"@type\":\"WebPage\",\"@id\":\"https:\/\/cricksuperfoods.com\/producto\/crick-nachos-aji\/\",\"url\":\"https:\/\/cricksuperfoods.com\/producto\/crick-nachos-aji\/\",\"name\":\"Crick Nachos 50gr - Aj\u00ed - Crick Superfoods\",\"isPartOf\":{\"@id\":\"https:\/\/cricksuperfoods.com\/#website\"},\"primaryImageOfPage\":{\"@id\":\"https:\/\/cricksuperfoods.com\/producto\/crick-nachos-aji\/#primaryimage\"},\"image\":{\"@id\":\"https:\/\/cricksuperfoods.com\/producto\/crick-nachos-aji\/#primaryimage\"},\"thumbnailUrl\":\"https:\/\/i0.wp.com\/cricksuperfoods.com\/wp-content\/uploads\/2021\/11\/crick-nachos-aji-new.jpg?fit=1000%2C1000&ssl=1\",\"datePublished\":\"2021-11-23T13:04:28+00:00\",\"dateModified\":\"2026-04-15T21:34:28+00:00\",\"breadcrumb\":{\"@id\":\"https:\/\/cricksuperfoods.com\/producto\/crick-nachos-aji\/#breadcrumb\"},\"inLanguage\":\"en-US\",\"potentialAction\":[{\"@type\":\"ReadAction\",\"target\":[\"https:\/\/cricksuperfoods.com\/producto\/crick-nachos-aji\/\"]}]},{\"@type\":\"ImageObject\",\"inLanguage\":\"en-US\",\"@id\":\"https:\/\/cricksuperfoods.com\/producto\/crick-nachos-aji\/#primaryimage\",\"url\":\"https:\/\/i0.wp.com\/cricksuperfoods.com\/wp-content\/uploads\/2021\/11\/crick-nachos-aji-new.jpg?fit=1000%2C1000&ssl=1\",\"contentUrl\":\"https:\/\/i0.wp.com\/cricksuperfoods.com\/wp-content\/uploads\/2021\/11\/crick-nachos-aji-new.jpg?fit=1000%2C1000&ssl=1\",\"width\":1000,\"height\":1000},{\"@type\":\"BreadcrumbList\",\"@id\":\"https:\/\/cricksuperfoods.com\/producto\/crick-nachos-aji\/#breadcrumb\",\"itemListElement\":[{\"@type\":\"ListItem\",\"position\":1,\"name\":\"Home\",\"item\":\"https:\/\/cricksuperfoods.com\/\"},{\"@type\":\"ListItem\",\"position\":2,\"name\":\"Crick Nachos 50gr &#8211; Aj\u00ed\"}]},{\"@type\":\"WebSite\",\"@id\":\"https:\/\/cricksuperfoods.com\/#website\",\"url\":\"https:\/\/cricksuperfoods.com\/\",\"name\":\"Crick Superfoods\",\"description\":\"Alimentos con Prote\u00edna de Grillo\",\"potentialAction\":[{\"@type\":\"SearchAction\",\"target\":{\"@type\":\"EntryPoint\",\"urlTemplate\":\"https:\/\/cricksuperfoods.com\/?s={search_term_string}\"},\"query-input\":{\"@type\":\"PropertyValueSpecification\",\"valueRequired\":true,\"valueName\":\"search_term_string\"}}],\"inLanguage\":\"en-US\"}]}<\/script>\n<!-- \/ Yoast SEO plugin. -->","yoast_head_json":{"title":"Crick Nachos 50gr - Aj\u00ed - Crick Superfoods","robots":{"index":"index","follow":"follow","max-snippet":"max-snippet:-1","max-image-preview":"max-image-preview:large","max-video-preview":"max-video-preview:-1"},"canonical":"https:\/\/cricksuperfoods.com\/en\/product\/crick-nachos-aji\/","og_locale":"en_US","og_type":"article","og_title":"Crick Nachos 50gr - Aj\u00ed - Crick Superfoods","og_url":"https:\/\/cricksuperfoods.com\/en\/product\/crick-nachos-aji\/","og_site_name":"Crick Superfoods","article_modified_time":"2026-04-15T21:34:28+00:00","og_image":[{"width":1000,"height":1000,"url":"https:\/\/cricksuperfoods.com\/wp-content\/uploads\/2021\/11\/crick-nachos-aji-new.jpg","type":"image\/jpeg"}],"twitter_card":"summary_large_image","twitter_description":"[vc_row][vc_column][vc_tta_tabs][vc_tta_section title=\"Beneficios\" tab_id=\"1643045571121-56d4ff28-e2e8\"][vc_column_text]   Gluten-free y Alto en fibra  Whey protein free  20% de prote\u00edna: 4 veces m\u00e1s prote\u00edna que la media de snacks del mercado ecuatoriano  Nueve amino\u00e1cidos esenciales  Vitamina B12, calcio, hierro  [\/vc_column_text][\/vc_tta_section][vc_tta_section title=\"Ingredientes\" tab_id=\"1643045571113-4c899409-a731\"][vc_row_inner content_placement=\"bottom\"][vc_column_inner width=\"1\/3\"][vc_single_image image=\"5283\" img_size=\"medium\" alignment=\"center\"][vc_column_text] Harina de ma\u00edz [\/vc_column_text][\/vc_column_inner][vc_column_inner width=\"1\/3\"][vc_single_image image=\"5282\" img_size=\"medium\" alignment=\"center\"][vc_column_text] Harina de haba [\/vc_column_text][\/vc_column_inner][vc_column_inner width=\"1\/3\"][vc_single_image image=\"5281\" img_size=\"medium\" alignment=\"center\"][vc_column_text] Harina de grillo [\/vc_column_text][\/vc_column_inner][\/vc_row_inner][vc_row_inner][vc_column_inner width=\"1\/4\"][vc_single_image image=\"5279\" img_size=\"medium\" alignment=\"center\"][vc_column_text] Aceite Vegetal [\/vc_column_text][\/vc_column_inner][vc_column_inner width=\"1\/4\"][vc_single_image image=\"5284\" img_size=\"medium\" alignment=\"center\"][vc_column_text] Sal marina [\/vc_column_text][\/vc_column_inner][vc_column_inner width=\"1\/4\"][vc_single_image image=\"5286\" img_size=\"medium\" alignment=\"center\"][vc_column_text] Aj\u00ed [\/vc_column_text][\/vc_column_inner][vc_column_inner width=\"1\/4\"][vc_single_image image=\"5280\" img_size=\"medium\" alignment=\"center\"][vc_column_text] Agua [\/vc_column_text][\/vc_column_inner][\/vc_row_inner][\/vc_tta_section][vc_tta_section title=\"Tiempo de vida \u00fatil\" tab_id=\"1643045775734-56becc5f-5cae\"][vc_column_text]120 d\u00edas, conservaci\u00f3n en ambiente fresco y seco.[\/vc_column_text][\/vc_tta_section][\/vc_tta_tabs][\/vc_column][\/vc_row]","twitter_misc":{"Est. reading time":"1 minute"},"schema":{"@context":"https:\/\/schema.org","@graph":[{"@type":"WebPage","@id":"https:\/\/cricksuperfoods.com\/producto\/crick-nachos-aji\/","url":"https:\/\/cricksuperfoods.com\/producto\/crick-nachos-aji\/","name":"Crick Nachos 50gr - Aj\u00ed - Crick Superfoods","isPartOf":{"@id":"https:\/\/cricksuperfoods.com\/#website"},"primaryImageOfPage":{"@id":"https:\/\/cricksuperfoods.com\/producto\/crick-nachos-aji\/#primaryimage"},"image":{"@id":"https:\/\/cricksuperfoods.com\/producto\/crick-nachos-aji\/#primaryimage"},"thumbnailUrl":"https:\/\/i0.wp.com\/cricksuperfoods.com\/wp-content\/uploads\/2021\/11\/crick-nachos-aji-new.jpg?fit=1000%2C1000&ssl=1","datePublished":"2021-11-23T13:04:28+00:00","dateModified":"2026-04-15T21:34:28+00:00","breadcrumb":{"@id":"https:\/\/cricksuperfoods.com\/producto\/crick-nachos-aji\/#breadcrumb"},"inLanguage":"en-US","potentialAction":[{"@type":"ReadAction","target":["https:\/\/cricksuperfoods.com\/producto\/crick-nachos-aji\/"]}]},{"@type":"ImageObject","inLanguage":"en-US","@id":"https:\/\/cricksuperfoods.com\/producto\/crick-nachos-aji\/#primaryimage","url":"https:\/\/i0.wp.com\/cricksuperfoods.com\/wp-content\/uploads\/2021\/11\/crick-nachos-aji-new.jpg?fit=1000%2C1000&ssl=1","contentUrl":"https:\/\/i0.wp.com\/cricksuperfoods.com\/wp-content\/uploads\/2021\/11\/crick-nachos-aji-new.jpg?fit=1000%2C1000&ssl=1","width":1000,"height":1000},{"@type":"BreadcrumbList","@id":"https:\/\/cricksuperfoods.com\/producto\/crick-nachos-aji\/#breadcrumb","itemListElement":[{"@type":"ListItem","position":1,"name":"Home","item":"https:\/\/cricksuperfoods.com\/"},{"@type":"ListItem","position":2,"name":"Crick Nachos 50gr &#8211; Aj\u00ed"}]},{"@type":"WebSite","@id":"https:\/\/cricksuperfoods.com\/#website","url":"https:\/\/cricksuperfoods.com\/","name":"Crick Superfoods","description":"Alimentos con Prote\u00edna de Grillo","potentialAction":[{"@type":"SearchAction","target":{"@type":"EntryPoint","urlTemplate":"https:\/\/cricksuperfoods.com\/?s={search_term_string}"},"query-input":{"@type":"PropertyValueSpecification","valueRequired":true,"valueName":"search_term_string"}}],"inLanguage":"en-US"}]}},"jetpack_sharing_enabled":true,"_links":{"self":[{"href":"https:\/\/cricksuperfoods.com\/en\/wp-json\/wp\/v2\/product\/4956","targetHints":{"allow":["GET"]}}],"collection":[{"href":"https:\/\/cricksuperfoods.com\/en\/wp-json\/wp\/v2\/product"}],"about":[{"href":"https:\/\/cricksuperfoods.com\/en\/wp-json\/wp\/v2\/types\/product"}],"replies":[{"embeddable":true,"href":"https:\/\/cricksuperfoods.com\/en\/wp-json\/wp\/v2\/comments?post=4956"}],"wp:featuredmedia":[{"embeddable":true,"href":"https:\/\/cricksuperfoods.com\/en\/wp-json\/wp\/v2\/media\/5871"}],"wp:attachment":[{"href":"https:\/\/cricksuperfoods.com\/en\/wp-json\/wp\/v2\/media?parent=4956"}],"wp:term":[{"taxonomy":"product_brand","embeddable":true,"href":"https:\/\/cricksuperfoods.com\/en\/wp-json\/wp\/v2\/product_brand?post=4956"},{"taxonomy":"product_cat","embeddable":true,"href":"https:\/\/cricksuperfoods.com\/en\/wp-json\/wp\/v2\/product_cat?post=4956"},{"taxonomy":"product_tag","embeddable":true,"href":"https:\/\/cricksuperfoods.com\/en\/wp-json\/wp\/v2\/product_tag?post=4956"}],"curies":[{"name":"wp","href":"https:\/\/api.w.org\/{rel}","templated":true}]}}