{"id":5853,"date":"2024-05-27T10:04:35","date_gmt":"2024-05-27T15:04:35","guid":{"rendered":"https:\/\/cricksuperfoods.com\/?page_id=5853"},"modified":"2025-03-16T15:10:29","modified_gmt":"2025-03-16T20:10:29","slug":"distribuidores","status":"publish","type":"page","link":"https:\/\/cricksuperfoods.com\/en\/distribuidores\/","title":{"rendered":"Distribuidores"},"content":{"rendered":"<div class=\"vc_row wpb_row vc_row-fluid vc_custom_1716819918919 sohohotel-content-wrapper-vc\"><div class=\"wpb_column vc_column_container vc_col-sm-6\"><div class=\"vc_column-inner\"><div class=\"wpb_wrapper\"><div class=\"sohohotel-title3 sohohotel-title-color\"><h4>\u00bfQuieres ser distribuidor?<\/h4><\/div><div class=\"vc_icon_element vc_icon_element-outer vc_icon_element-align-center\"><div class=\"vc_icon_element-inner vc_icon_element-color-custom vc_icon_element-size-xl vc_icon_element-style- vc_icon_element-background-color-grey\" ><span class=\"vc_icon_element-icon vc_li vc_li-shop\" style=\"color:#4d3c96 !important\"><\/span><\/div><\/div>\n\t<div class=\"wpb_text_column wpb_content_element\" >\n\t\t<div class=\"wpb_wrapper\">\n\t\t\t<p style=\"text-align: left;\">\u00danete a nuestra red de distribuidores Crick Superfoods y aportemos a nuestros clientes opciones innovadoras, sostenibles y ricas en prote\u00edna natural<\/p>\n\n\t\t<\/div>\n\t<\/div>\n\n<div class=\"wpcf7 no-js\" id=\"wpcf7-f5854-o1\" lang=\"en-US\" dir=\"ltr\" data-wpcf7-id=\"5854\">\n<div class=\"screen-reader-response\"><p role=\"status\" aria-live=\"polite\" aria-atomic=\"true\"><\/p> <ul><\/ul><\/div>\n<form action=\"\/en\/wp-json\/wp\/v2\/pages\/5853#wpcf7-f5854-o1\" method=\"post\" class=\"wpcf7-form init\" aria-label=\"Contact form\" novalidate=\"novalidate\" data-status=\"init\" data-trp-original-action=\"\/en\/wp-json\/wp\/v2\/pages\/5853#wpcf7-f5854-o1\">\n<fieldset class=\"hidden-fields-container\"><input type=\"hidden\" name=\"_wpcf7\" value=\"5854\" \/><input type=\"hidden\" name=\"_wpcf7_version\" value=\"6.1.5\" \/><input type=\"hidden\" name=\"_wpcf7_locale\" value=\"en_US\" \/><input type=\"hidden\" name=\"_wpcf7_unit_tag\" value=\"wpcf7-f5854-o1\" \/><input type=\"hidden\" name=\"_wpcf7_container_post\" value=\"0\" \/><input type=\"hidden\" name=\"_wpcf7_posted_data_hash\" value=\"\" \/><input type=\"hidden\" name=\"_wpcf7_recaptcha_response\" value=\"\" \/>\n<\/fieldset>\n<p><label>Name <span>*<\/span><\/label><span class=\"wpcf7-form-control-wrap\" data-name=\"your-name\"><input size=\"40\" maxlength=\"400\" class=\"wpcf7-form-control wpcf7-text wpcf7-validates-as-required\" aria-required=\"true\" aria-invalid=\"false\" value=\"\" type=\"text\" name=\"your-name\" \/><\/span><label>Phone <span>*<\/span><\/label><span class=\"wpcf7-form-control-wrap\" data-name=\"Telefono\"><input size=\"40\" maxlength=\"400\" class=\"wpcf7-form-control wpcf7-tel wpcf7-text wpcf7-validates-as-tel\" aria-invalid=\"false\" value=\"\" type=\"tel\" name=\"Telefono\" \/><\/span><label>Email <span>*<\/span><\/label><span class=\"wpcf7-form-control-wrap\" data-name=\"your-email\"><input size=\"40\" maxlength=\"400\" class=\"wpcf7-form-control wpcf7-email wpcf7-validates-as-required wpcf7-text wpcf7-validates-as-email\" aria-required=\"true\" aria-invalid=\"false\" value=\"\" type=\"email\" name=\"your-email\" \/><\/span><label>Direcci\u00f3n<\/label><span class=\"wpcf7-form-control-wrap\" data-name=\"your-address\"><input size=\"40\" maxlength=\"400\" class=\"wpcf7-form-control wpcf7-text\" aria-invalid=\"false\" value=\"\" type=\"text\" name=\"your-address\" \/><\/span><br \/>\n<label>Perfil <span>*<\/span><\/label><span class=\"wpcf7-form-control-wrap\" data-name=\"perfil\"><select class=\"wpcf7-form-control wpcf7-select wpcf7-validates-as-required\" aria-required=\"true\" aria-invalid=\"false\" name=\"perfil\"><option value=\"\">&#8212;Please choose an option&#8212;<\/option><option value=\"Tienda de supermercado\">Tienda de supermercado<\/option><option value=\"Restaurante\">Restaurante<\/option><option value=\"Hotel\">Hotel<\/option><option value=\"Otros\">Otros<\/option><\/select><\/span>\n<\/p>\n<p><input class=\"wpcf7-form-control wpcf7-submit has-spinner\" type=\"submit\" value=\"Send\" \/>\n<\/p><p style=\"display: none !important;\" class=\"akismet-fields-container\" data-prefix=\"_wpcf7_ak_\"><label>&#916;<textarea name=\"_wpcf7_ak_hp_textarea\" cols=\"45\" rows=\"8\" maxlength=\"100\"><\/textarea><\/label><input type=\"hidden\" id=\"ak_js_1\" name=\"_wpcf7_ak_js\" value=\"152\"\/><script>document.getElementById( \"ak_js_1\" ).setAttribute( \"value\", ( new Date() ).getTime() );<\/script><\/p><div class=\"wpcf7-response-output\" aria-hidden=\"true\"><\/div>\n<input type=\"hidden\" name=\"trp-form-language\" value=\"en\"\/><\/form>\n<\/div>\n<div class=\"vc_empty_space\"   style=\"height: 40px\"><span class=\"vc_empty_space_inner\"><\/span><\/div><\/div><\/div><\/div><div class=\"wpb_column vc_column_container vc_col-sm-6\"><div class=\"vc_column-inner\"><div class=\"wpb_wrapper\">\n\t<div  class=\"wpb_single_image wpb_content_element vc_align_center\">\n\t\t\n\t\t<figure class=\"wpb_wrapper vc_figure\">\n\t\t\t<div class=\"vc_single_image-wrapper   vc_box_border_grey\"><img loading=\"lazy\" decoding=\"async\" width=\"854\" height=\"1024\" src=\"https:\/\/i0.wp.com\/cricksuperfoods.com\/wp-content\/uploads\/2025\/03\/crick-runner.jpg?fit=854%2C1024&amp;ssl=1\" class=\"vc_single_image-img attachment-large\" alt=\"\" srcset=\"https:\/\/i0.wp.com\/cricksuperfoods.com\/wp-content\/uploads\/2025\/03\/crick-runner.jpg?w=1104&amp;ssl=1 1104w, https:\/\/i0.wp.com\/cricksuperfoods.com\/wp-content\/uploads\/2025\/03\/crick-runner.jpg?resize=250%2C300&amp;ssl=1 250w, https:\/\/i0.wp.com\/cricksuperfoods.com\/wp-content\/uploads\/2025\/03\/crick-runner.jpg?resize=854%2C1024&amp;ssl=1 854w, https:\/\/i0.wp.com\/cricksuperfoods.com\/wp-content\/uploads\/2025\/03\/crick-runner.jpg?resize=768%2C921&amp;ssl=1 768w, https:\/\/i0.wp.com\/cricksuperfoods.com\/wp-content\/uploads\/2025\/03\/crick-runner.jpg?resize=10%2C12&amp;ssl=1 10w, https:\/\/i0.wp.com\/cricksuperfoods.com\/wp-content\/uploads\/2025\/03\/crick-runner.jpg?resize=83%2C100&amp;ssl=1 83w, https:\/\/i0.wp.com\/cricksuperfoods.com\/wp-content\/uploads\/2025\/03\/crick-runner.jpg?resize=600%2C720&amp;ssl=1 600w\" sizes=\"auto, (max-width: 854px) 100vw, 854px\" \/><\/div>\n\t\t<\/figure>\n\t<\/div>\n<\/div><\/div><\/div><\/div>","protected":false},"excerpt":{"rendered":"\u00bfQuieres ser distribuidor? \u00danete a nuestra red de distribuidores Crick Superfoods y aportemos a nuestros clientes opciones innovadoras, sostenibles y ricas en prote\u00edna natural Nombre *Tel\u00e9fono *Email *Direcci\u00f3n Perfil *&#8212;Please choose an option&#8212;Tienda de supermercadoRestauranteHotelOtros &#916;<a href=\"https:\/\/cricksuperfoods.com\/en\/distribuidores\/\" class=\"sohohotel-more-link\">Leer m&aacute;s<i class=\"fa fa-angle-right\"><\/i><\/a>","protected":false},"author":2,"featured_media":0,"parent":0,"menu_order":0,"comment_status":"closed","ping_status":"closed","template":"","meta":{"footnotes":""},"class_list":["post-5853","page","type-page","status-publish","hentry"],"yoast_head":"<!-- This site is optimized with the Yoast SEO plugin v26.9 - https:\/\/yoast.com\/product\/yoast-seo-wordpress\/ -->\n<title>Distribuidores - Crick Superfoods<\/title>\n<meta name=\"robots\" content=\"index, follow, max-snippet:-1, max-image-preview:large, max-video-preview:-1\" \/>\n<link rel=\"canonical\" href=\"https:\/\/cricksuperfoods.com\/en\/distribuidores\/\" \/>\n<meta property=\"og:locale\" content=\"en_US\" \/>\n<meta property=\"og:type\" content=\"article\" \/>\n<meta property=\"og:title\" content=\"Distribuidores - Crick Superfoods\" \/>\n<meta property=\"og:url\" content=\"https:\/\/cricksuperfoods.com\/en\/distribuidores\/\" \/>\n<meta property=\"og:site_name\" content=\"Crick Superfoods\" \/>\n<meta property=\"article:modified_time\" content=\"2025-03-16T20:10:29+00:00\" \/>\n<meta name=\"twitter:card\" content=\"summary_large_image\" \/>\n<meta name=\"twitter:label1\" content=\"Est. reading time\" \/>\n\t<meta name=\"twitter:data1\" content=\"1 minute\" \/>\n<script type=\"application\/ld+json\" class=\"yoast-schema-graph\">{\"@context\":\"https:\/\/schema.org\",\"@graph\":[{\"@type\":\"WebPage\",\"@id\":\"https:\/\/cricksuperfoods.com\/distribuidores\/\",\"url\":\"https:\/\/cricksuperfoods.com\/distribuidores\/\",\"name\":\"Distribuidores - Crick Superfoods\",\"isPartOf\":{\"@id\":\"https:\/\/cricksuperfoods.com\/#website\"},\"datePublished\":\"2024-05-27T15:04:35+00:00\",\"dateModified\":\"2025-03-16T20:10:29+00:00\",\"breadcrumb\":{\"@id\":\"https:\/\/cricksuperfoods.com\/distribuidores\/#breadcrumb\"},\"inLanguage\":\"en-US\",\"potentialAction\":[{\"@type\":\"ReadAction\",\"target\":[\"https:\/\/cricksuperfoods.com\/distribuidores\/\"]}]},{\"@type\":\"BreadcrumbList\",\"@id\":\"https:\/\/cricksuperfoods.com\/distribuidores\/#breadcrumb\",\"itemListElement\":[{\"@type\":\"ListItem\",\"position\":1,\"name\":\"Home\",\"item\":\"https:\/\/cricksuperfoods.com\/\"},{\"@type\":\"ListItem\",\"position\":2,\"name\":\"Distribuidores\"}]},{\"@type\":\"WebSite\",\"@id\":\"https:\/\/cricksuperfoods.com\/#website\",\"url\":\"https:\/\/cricksuperfoods.com\/\",\"name\":\"Crick Superfoods\",\"description\":\"Alimentos con Prote\u00edna de Grillo\",\"potentialAction\":[{\"@type\":\"SearchAction\",\"target\":{\"@type\":\"EntryPoint\",\"urlTemplate\":\"https:\/\/cricksuperfoods.com\/?s={search_term_string}\"},\"query-input\":{\"@type\":\"PropertyValueSpecification\",\"valueRequired\":true,\"valueName\":\"search_term_string\"}}],\"inLanguage\":\"en-US\"}]}<\/script>\n<!-- \/ Yoast SEO plugin. -->","yoast_head_json":{"title":"Distribuidores - Crick Superfoods","robots":{"index":"index","follow":"follow","max-snippet":"max-snippet:-1","max-image-preview":"max-image-preview:large","max-video-preview":"max-video-preview:-1"},"canonical":"https:\/\/cricksuperfoods.com\/en\/distribuidores\/","og_locale":"en_US","og_type":"article","og_title":"Distribuidores - Crick Superfoods","og_url":"https:\/\/cricksuperfoods.com\/en\/distribuidores\/","og_site_name":"Crick Superfoods","article_modified_time":"2025-03-16T20:10:29+00:00","twitter_card":"summary_large_image","twitter_misc":{"Est. reading time":"1 minute"},"schema":{"@context":"https:\/\/schema.org","@graph":[{"@type":"WebPage","@id":"https:\/\/cricksuperfoods.com\/distribuidores\/","url":"https:\/\/cricksuperfoods.com\/distribuidores\/","name":"Distribuidores - Crick Superfoods","isPartOf":{"@id":"https:\/\/cricksuperfoods.com\/#website"},"datePublished":"2024-05-27T15:04:35+00:00","dateModified":"2025-03-16T20:10:29+00:00","breadcrumb":{"@id":"https:\/\/cricksuperfoods.com\/distribuidores\/#breadcrumb"},"inLanguage":"en-US","potentialAction":[{"@type":"ReadAction","target":["https:\/\/cricksuperfoods.com\/distribuidores\/"]}]},{"@type":"BreadcrumbList","@id":"https:\/\/cricksuperfoods.com\/distribuidores\/#breadcrumb","itemListElement":[{"@type":"ListItem","position":1,"name":"Home","item":"https:\/\/cricksuperfoods.com\/"},{"@type":"ListItem","position":2,"name":"Distribuidores"}]},{"@type":"WebSite","@id":"https:\/\/cricksuperfoods.com\/#website","url":"https:\/\/cricksuperfoods.com\/","name":"Crick Superfoods","description":"Alimentos con Prote\u00edna de Grillo","potentialAction":[{"@type":"SearchAction","target":{"@type":"EntryPoint","urlTemplate":"https:\/\/cricksuperfoods.com\/?s={search_term_string}"},"query-input":{"@type":"PropertyValueSpecification","valueRequired":true,"valueName":"search_term_string"}}],"inLanguage":"en-US"}]}},"jetpack_sharing_enabled":true,"_links":{"self":[{"href":"https:\/\/cricksuperfoods.com\/en\/wp-json\/wp\/v2\/pages\/5853","targetHints":{"allow":["GET"]}}],"collection":[{"href":"https:\/\/cricksuperfoods.com\/en\/wp-json\/wp\/v2\/pages"}],"about":[{"href":"https:\/\/cricksuperfoods.com\/en\/wp-json\/wp\/v2\/types\/page"}],"author":[{"embeddable":true,"href":"https:\/\/cricksuperfoods.com\/en\/wp-json\/wp\/v2\/users\/2"}],"replies":[{"embeddable":true,"href":"https:\/\/cricksuperfoods.com\/en\/wp-json\/wp\/v2\/comments?post=5853"}],"version-history":[{"count":5,"href":"https:\/\/cricksuperfoods.com\/en\/wp-json\/wp\/v2\/pages\/5853\/revisions"}],"predecessor-version":[{"id":5961,"href":"https:\/\/cricksuperfoods.com\/en\/wp-json\/wp\/v2\/pages\/5853\/revisions\/5961"}],"wp:attachment":[{"href":"https:\/\/cricksuperfoods.com\/en\/wp-json\/wp\/v2\/media?parent=5853"}],"curies":[{"name":"wp","href":"https:\/\/api.w.org\/{rel}","templated":true}]}}