{"id":5848,"date":"2024-05-27T09:33:21","date_gmt":"2024-05-27T14:33:21","guid":{"rendered":"https:\/\/cricksuperfoods.com\/?page_id=5848"},"modified":"2025-03-16T15:00:39","modified_gmt":"2025-03-16T20:00:39","slug":"embajadores","status":"publish","type":"page","link":"https:\/\/cricksuperfoods.com\/en\/embajadores\/","title":{"rendered":"Embajadores"},"content":{"rendered":"<div class=\"vc_row wpb_row vc_row-fluid vc_custom_1716819918919 sohohotel-content-wrapper-vc\"><div class=\"wpb_column vc_column_container vc_col-sm-6\"><div class=\"vc_column-inner\"><div class=\"wpb_wrapper\"><div class=\"sohohotel-title3 sohohotel-title-color\"><h4>\u00bfQuieres ser embajador?<\/h4><\/div>\n\t<div class=\"wpb_text_column wpb_content_element\" >\n\t\t<div class=\"wpb_wrapper\">\n\t\t\t<p>\u00danete a nuestro programa de embajadores y crea nuevas experiencias junto a Crick Superfoods<\/p>\n\n\t\t<\/div>\n\t<\/div>\n\n<div class=\"wpcf7 no-js\" id=\"wpcf7-f5849-o1\" lang=\"en-US\" dir=\"ltr\" data-wpcf7-id=\"5849\">\n<div class=\"screen-reader-response\"><p role=\"status\" aria-live=\"polite\" aria-atomic=\"true\"><\/p> <ul><\/ul><\/div>\n<form action=\"\/en\/wp-json\/wp\/v2\/pages\/5848#wpcf7-f5849-o1\" method=\"post\" class=\"wpcf7-form init\" aria-label=\"Contact form\" novalidate=\"novalidate\" data-status=\"init\" data-trp-original-action=\"\/en\/wp-json\/wp\/v2\/pages\/5848#wpcf7-f5849-o1\">\n<fieldset class=\"hidden-fields-container\"><input type=\"hidden\" name=\"_wpcf7\" value=\"5849\" \/><input type=\"hidden\" name=\"_wpcf7_version\" value=\"6.1.5\" \/><input type=\"hidden\" name=\"_wpcf7_locale\" value=\"en_US\" \/><input type=\"hidden\" name=\"_wpcf7_unit_tag\" value=\"wpcf7-f5849-o1\" \/><input type=\"hidden\" name=\"_wpcf7_container_post\" value=\"0\" \/><input type=\"hidden\" name=\"_wpcf7_posted_data_hash\" value=\"\" \/><input type=\"hidden\" name=\"_wpcf7_recaptcha_response\" value=\"\" \/>\n<\/fieldset>\n<p><label>Name <span>*<\/span><\/label><span class=\"wpcf7-form-control-wrap\" data-name=\"your-name\"><input size=\"40\" maxlength=\"400\" class=\"wpcf7-form-control wpcf7-text wpcf7-validates-as-required\" aria-required=\"true\" aria-invalid=\"false\" value=\"\" type=\"text\" name=\"your-name\" \/><\/span><label>Phone <span>*<\/span><\/label><span class=\"wpcf7-form-control-wrap\" data-name=\"Telefono\"><input size=\"40\" maxlength=\"400\" class=\"wpcf7-form-control wpcf7-tel wpcf7-text wpcf7-validates-as-tel\" aria-invalid=\"false\" value=\"\" type=\"tel\" name=\"Telefono\" \/><\/span><label>Email <span>*<\/span><\/label><span class=\"wpcf7-form-control-wrap\" data-name=\"your-email\"><input size=\"40\" maxlength=\"400\" class=\"wpcf7-form-control wpcf7-email wpcf7-validates-as-required wpcf7-text wpcf7-validates-as-email\" aria-required=\"true\" aria-invalid=\"false\" value=\"\" type=\"email\" name=\"your-email\" \/><\/span><label>Redes sociales<\/label><span class=\"wpcf7-form-control-wrap\" data-name=\"your-socials\"><input size=\"40\" maxlength=\"400\" class=\"wpcf7-form-control wpcf7-text\" aria-invalid=\"false\" value=\"\" type=\"text\" name=\"your-socials\" \/><\/span><br \/>\n<label>Perfil <span>*<\/span><\/label><span class=\"wpcf7-form-control-wrap\" data-name=\"perfil\"><select class=\"wpcf7-form-control wpcf7-select wpcf7-validates-as-required\" aria-required=\"true\" aria-invalid=\"false\" name=\"perfil\"><option value=\"\">&#8212;Please choose an option&#8212;<\/option><option value=\"Doctor\">Doctor<\/option><option value=\"Nutricionista\">Nutricionista<\/option><option value=\"Nutri\u00f3logo\">Nutri\u00f3logo<\/option><option value=\"Chef\">Chef<\/option><option value=\"Deportista\">Deportista<\/option><option value=\"Creador de Contenido\">Creador de Contenido<\/option><\/select><\/span><br \/>\n<label style=\"margin-top:20px;\">\u00bfPor qu\u00e9 te gustar\u00eda ser nuestro embajador de marca? <span>*<\/span><\/label><span class=\"wpcf7-form-control-wrap\" data-name=\"your-message\"><textarea cols=\"40\" rows=\"10\" maxlength=\"2000\" class=\"wpcf7-form-control wpcf7-textarea wpcf7-validates-as-required sohohotel-cf7-form2\" aria-required=\"true\" aria-invalid=\"false\" name=\"your-message\"><\/textarea><\/span>\n<input class=\"wpcf7-form-control wpcf7-submit has-spinner\" type=\"submit\" value=\"Send\" \/>\n<\/p><p style=\"display: none !important;\" class=\"akismet-fields-container\" data-prefix=\"_wpcf7_ak_\"><label>&#916;<textarea name=\"_wpcf7_ak_hp_textarea\" cols=\"45\" rows=\"8\" maxlength=\"100\"><\/textarea><\/label><input type=\"hidden\" id=\"ak_js_1\" name=\"_wpcf7_ak_js\" value=\"46\"\/><script>document.getElementById( \"ak_js_1\" ).setAttribute( \"value\", ( new Date() ).getTime() );<\/script><\/p><div class=\"wpcf7-response-output\" aria-hidden=\"true\"><\/div>\n<input type=\"hidden\" name=\"trp-form-language\" value=\"en\"\/><\/form>\n<\/div>\n<div class=\"vc_empty_space\"   style=\"height: 40px\"><span class=\"vc_empty_space_inner\"><\/span><\/div><\/div><\/div><\/div><div class=\"wpb_column vc_column_container vc_col-sm-6\"><div class=\"vc_column-inner\"><div class=\"wpb_wrapper\">\n\t<div  class=\"wpb_single_image wpb_content_element vc_align_center\">\n\t\t\n\t\t<figure class=\"wpb_wrapper vc_figure\">\n\t\t\t<div class=\"vc_single_image-wrapper   vc_box_border_grey\"><img loading=\"lazy\" decoding=\"async\" width=\"854\" height=\"1024\" src=\"https:\/\/i0.wp.com\/cricksuperfoods.com\/wp-content\/uploads\/2025\/03\/crick-music.jpg?fit=854%2C1024&amp;ssl=1\" class=\"vc_single_image-img attachment-large\" alt=\"\" srcset=\"https:\/\/i0.wp.com\/cricksuperfoods.com\/wp-content\/uploads\/2025\/03\/crick-music.jpg?w=1104&amp;ssl=1 1104w, https:\/\/i0.wp.com\/cricksuperfoods.com\/wp-content\/uploads\/2025\/03\/crick-music.jpg?resize=250%2C300&amp;ssl=1 250w, https:\/\/i0.wp.com\/cricksuperfoods.com\/wp-content\/uploads\/2025\/03\/crick-music.jpg?resize=854%2C1024&amp;ssl=1 854w, https:\/\/i0.wp.com\/cricksuperfoods.com\/wp-content\/uploads\/2025\/03\/crick-music.jpg?resize=768%2C921&amp;ssl=1 768w, https:\/\/i0.wp.com\/cricksuperfoods.com\/wp-content\/uploads\/2025\/03\/crick-music.jpg?resize=10%2C12&amp;ssl=1 10w, https:\/\/i0.wp.com\/cricksuperfoods.com\/wp-content\/uploads\/2025\/03\/crick-music.jpg?resize=83%2C100&amp;ssl=1 83w, https:\/\/i0.wp.com\/cricksuperfoods.com\/wp-content\/uploads\/2025\/03\/crick-music.jpg?resize=600%2C720&amp;ssl=1 600w\" sizes=\"auto, (max-width: 854px) 100vw, 854px\" \/><\/div>\n\t\t<\/figure>\n\t<\/div>\n<div class=\"sohohotel-title3 sohohotel-title-color\"><h4>Follow us on social networks<\/h4><\/div>\n\t<div class=\"wpb_raw_code wpb_content_element wpb_raw_html vc_custom_1742155133240\" >\n\t\t<div class=\"wpb_wrapper\">\n\t\t\t<p>\n\n<a href=\"https:\/\/www.facebook.com\/cricksuperfoods\/\" target=\"_blank\"><i class=\"fab fa-facebook fa-2x\"><\/i><\/a> &nbsp&nbsp&nbsp\n\n<a href=\"https:\/\/www.instagram.com\/crick.superfoods\/\" target=\"_blank\"><i class=\"fab fa-instagram fa-2x\"><\/i><\/a> &nbsp&nbsp&nbsp\n\n<a href=\"https:\/\/youtube.com\/channel\/UCl_X_JZYkv15lxEdvGh2H1g\" target=\"_blank\"><i class=\"fab fa-youtube fa-2x\"><\/i><\/a> &nbsp&nbsp&nbsp\n\n<a href=\"https:\/\/www.tiktok.com\/@cricksuperfoods\" target=\"_blank\"><i class=\"fab fa-tiktok fa-2x\"><\/i><\/a>\n\n&nbsp&nbsp&nbsp\n\n<a href=\"https:\/\/www.linkedin.com\/company\/crick-superfoods\" target=\"_blank\"><i class=\"fab fa-linkedin fa-2x\"><\/i><\/a>\n<\/p>\n\t\t<\/div>\n\t<\/div>\n<\/div><\/div><\/div><\/div>","protected":false},"excerpt":{"rendered":"\u00bfQuieres ser embajador? \u00danete a nuestro programa de embajadores y crea nuevas experiencias junto a Crick Superfoods Nombre *Tel\u00e9fono *Email *Redes sociales Perfil *&#8212;Please choose an option&#8212;DoctorNutricionistaNutri\u00f3logoChefDeportistaCreador de Contenido \u00bfPor qu\u00e9 te gustar\u00eda ser nuestro embajador de marca? * &#916; S\u00edguenos en redes sociales &nbsp&nbsp&nbsp &nbsp&nbsp&nbsp &nbsp&nbsp&nbsp &nbsp&nbsp&nbsp<a href=\"https:\/\/cricksuperfoods.com\/en\/embajadores\/\" class=\"sohohotel-more-link\">Leer m&aacute;s<i class=\"fa fa-angle-right\"><\/i><\/a>","protected":false},"author":2,"featured_media":0,"parent":0,"menu_order":0,"comment_status":"closed","ping_status":"closed","template":"","meta":{"footnotes":""},"class_list":["post-5848","page","type-page","status-publish","hentry"],"yoast_head":"<!-- This site is optimized with the Yoast SEO plugin v26.9 - https:\/\/yoast.com\/product\/yoast-seo-wordpress\/ -->\n<title>Embajadores - Crick Superfoods<\/title>\n<meta name=\"robots\" content=\"index, follow, max-snippet:-1, max-image-preview:large, max-video-preview:-1\" \/>\n<link rel=\"canonical\" href=\"https:\/\/cricksuperfoods.com\/en\/embajadores\/\" \/>\n<meta property=\"og:locale\" content=\"en_US\" \/>\n<meta property=\"og:type\" content=\"article\" \/>\n<meta property=\"og:title\" content=\"Embajadores - Crick Superfoods\" \/>\n<meta property=\"og:url\" content=\"https:\/\/cricksuperfoods.com\/en\/embajadores\/\" \/>\n<meta property=\"og:site_name\" content=\"Crick Superfoods\" \/>\n<meta property=\"article:modified_time\" content=\"2025-03-16T20:00:39+00:00\" \/>\n<meta name=\"twitter:card\" content=\"summary_large_image\" \/>\n<meta name=\"twitter:label1\" content=\"Est. reading time\" \/>\n\t<meta name=\"twitter:data1\" content=\"1 minute\" \/>\n<script type=\"application\/ld+json\" class=\"yoast-schema-graph\">{\"@context\":\"https:\/\/schema.org\",\"@graph\":[{\"@type\":\"WebPage\",\"@id\":\"https:\/\/cricksuperfoods.com\/embajadores\/\",\"url\":\"https:\/\/cricksuperfoods.com\/embajadores\/\",\"name\":\"Embajadores - Crick Superfoods\",\"isPartOf\":{\"@id\":\"https:\/\/cricksuperfoods.com\/#website\"},\"datePublished\":\"2024-05-27T14:33:21+00:00\",\"dateModified\":\"2025-03-16T20:00:39+00:00\",\"breadcrumb\":{\"@id\":\"https:\/\/cricksuperfoods.com\/embajadores\/#breadcrumb\"},\"inLanguage\":\"en-US\",\"potentialAction\":[{\"@type\":\"ReadAction\",\"target\":[\"https:\/\/cricksuperfoods.com\/embajadores\/\"]}]},{\"@type\":\"BreadcrumbList\",\"@id\":\"https:\/\/cricksuperfoods.com\/embajadores\/#breadcrumb\",\"itemListElement\":[{\"@type\":\"ListItem\",\"position\":1,\"name\":\"Home\",\"item\":\"https:\/\/cricksuperfoods.com\/\"},{\"@type\":\"ListItem\",\"position\":2,\"name\":\"Embajadores\"}]},{\"@type\":\"WebSite\",\"@id\":\"https:\/\/cricksuperfoods.com\/#website\",\"url\":\"https:\/\/cricksuperfoods.com\/\",\"name\":\"Crick Superfoods\",\"description\":\"Alimentos con Prote\u00edna de Grillo\",\"potentialAction\":[{\"@type\":\"SearchAction\",\"target\":{\"@type\":\"EntryPoint\",\"urlTemplate\":\"https:\/\/cricksuperfoods.com\/?s={search_term_string}\"},\"query-input\":{\"@type\":\"PropertyValueSpecification\",\"valueRequired\":true,\"valueName\":\"search_term_string\"}}],\"inLanguage\":\"en-US\"}]}<\/script>\n<!-- \/ Yoast SEO plugin. -->","yoast_head_json":{"title":"Embajadores - Crick Superfoods","robots":{"index":"index","follow":"follow","max-snippet":"max-snippet:-1","max-image-preview":"max-image-preview:large","max-video-preview":"max-video-preview:-1"},"canonical":"https:\/\/cricksuperfoods.com\/en\/embajadores\/","og_locale":"en_US","og_type":"article","og_title":"Embajadores - Crick Superfoods","og_url":"https:\/\/cricksuperfoods.com\/en\/embajadores\/","og_site_name":"Crick Superfoods","article_modified_time":"2025-03-16T20:00:39+00:00","twitter_card":"summary_large_image","twitter_misc":{"Est. reading time":"1 minute"},"schema":{"@context":"https:\/\/schema.org","@graph":[{"@type":"WebPage","@id":"https:\/\/cricksuperfoods.com\/embajadores\/","url":"https:\/\/cricksuperfoods.com\/embajadores\/","name":"Embajadores - Crick Superfoods","isPartOf":{"@id":"https:\/\/cricksuperfoods.com\/#website"},"datePublished":"2024-05-27T14:33:21+00:00","dateModified":"2025-03-16T20:00:39+00:00","breadcrumb":{"@id":"https:\/\/cricksuperfoods.com\/embajadores\/#breadcrumb"},"inLanguage":"en-US","potentialAction":[{"@type":"ReadAction","target":["https:\/\/cricksuperfoods.com\/embajadores\/"]}]},{"@type":"BreadcrumbList","@id":"https:\/\/cricksuperfoods.com\/embajadores\/#breadcrumb","itemListElement":[{"@type":"ListItem","position":1,"name":"Home","item":"https:\/\/cricksuperfoods.com\/"},{"@type":"ListItem","position":2,"name":"Embajadores"}]},{"@type":"WebSite","@id":"https:\/\/cricksuperfoods.com\/#website","url":"https:\/\/cricksuperfoods.com\/","name":"Crick Superfoods","description":"Alimentos con Prote\u00edna de Grillo","potentialAction":[{"@type":"SearchAction","target":{"@type":"EntryPoint","urlTemplate":"https:\/\/cricksuperfoods.com\/?s={search_term_string}"},"query-input":{"@type":"PropertyValueSpecification","valueRequired":true,"valueName":"search_term_string"}}],"inLanguage":"en-US"}]}},"jetpack_sharing_enabled":true,"_links":{"self":[{"href":"https:\/\/cricksuperfoods.com\/en\/wp-json\/wp\/v2\/pages\/5848","targetHints":{"allow":["GET"]}}],"collection":[{"href":"https:\/\/cricksuperfoods.com\/en\/wp-json\/wp\/v2\/pages"}],"about":[{"href":"https:\/\/cricksuperfoods.com\/en\/wp-json\/wp\/v2\/types\/page"}],"author":[{"embeddable":true,"href":"https:\/\/cricksuperfoods.com\/en\/wp-json\/wp\/v2\/users\/2"}],"replies":[{"embeddable":true,"href":"https:\/\/cricksuperfoods.com\/en\/wp-json\/wp\/v2\/comments?post=5848"}],"version-history":[{"count":5,"href":"https:\/\/cricksuperfoods.com\/en\/wp-json\/wp\/v2\/pages\/5848\/revisions"}],"predecessor-version":[{"id":5958,"href":"https:\/\/cricksuperfoods.com\/en\/wp-json\/wp\/v2\/pages\/5848\/revisions\/5958"}],"wp:attachment":[{"href":"https:\/\/cricksuperfoods.com\/en\/wp-json\/wp\/v2\/media?parent=5848"}],"curies":[{"name":"wp","href":"https:\/\/api.w.org\/{rel}","templated":true}]}}