{"id":474,"date":"2021-04-07T16:49:11","date_gmt":"2021-04-07T21:49:11","guid":{"rendered":"http:\/\/box2007.temp.domains\/~recciec\/?page_id=474"},"modified":"2025-05-09T10:58:35","modified_gmt":"2025-05-09T15:58:35","slug":"contacto","status":"publish","type":"page","link":"https:\/\/cricksuperfoods.com\/en\/contacto\/","title":{"rendered":"Contact us"},"content":{"rendered":"<div class=\"vc_row wpb_row vc_row-fluid vc_custom_1716500906050 sohohotel-content-wrapper-vc vc_row-has-fill vc_row-o-content-middle vc_row-flex\"><div class=\"wpb_column vc_column_container vc_col-sm-12\"><div class=\"vc_column-inner\"><div class=\"wpb_wrapper\"><div class=\"vc_icon_element vc_icon_element-outer vc_icon_element-align-center\"><div class=\"vc_icon_element-inner vc_icon_element-color-white vc_icon_element-size-xl vc_icon_element-style- vc_icon_element-background-color-grey\" ><span class=\"vc_icon_element-icon fa fa-street-view\" ><\/span><a class=\"vc_icon_element-link\" href=\"https:\/\/cricksuperfoods.com\/en\/embajadores\/\"  title=\"Embajadores\" target=\"_self\"><\/a><\/div><\/div>\n\t<div class=\"wpb_text_column wpb_content_element  vc_custom_1716822855221\" >\n\t\t<div class=\"wpb_wrapper\">\n\t\t\t<h2 style=\"text-align: center; color: white;\">\u00bfQuieres ser embajador?<\/h2>\n\n\t\t<\/div>\n\t<\/div>\n\n\t<div  class=\"wpb_single_image wpb_content_element vc_align_center  vc_custom_1716821320870\">\n\t\t\n\t\t<figure class=\"wpb_wrapper vc_figure\">\n\t\t\t<a href=\"https:\/\/cricksuperfoods.com\/en\/embajadores\/\" target=\"_self\" class=\"vc_single_image-wrapper   vc_box_border_grey\"><img loading=\"lazy\" decoding=\"async\" width=\"565\" height=\"102\" src=\"https:\/\/i0.wp.com\/cricksuperfoods.com\/wp-content\/uploads\/2022\/02\/SUPERFOODS.png?fit=565%2C102&amp;ssl=1\" class=\"vc_single_image-img attachment-large\" alt=\"Crick Superfoods Alimentos con Prote\u00edna de Grillo\" srcset=\"https:\/\/i0.wp.com\/cricksuperfoods.com\/wp-content\/uploads\/2022\/02\/SUPERFOODS.png?w=565&amp;ssl=1 565w, https:\/\/i0.wp.com\/cricksuperfoods.com\/wp-content\/uploads\/2022\/02\/SUPERFOODS.png?resize=300%2C54&amp;ssl=1 300w, https:\/\/i0.wp.com\/cricksuperfoods.com\/wp-content\/uploads\/2022\/02\/SUPERFOODS.png?resize=100%2C18&amp;ssl=1 100w\" sizes=\"auto, (max-width: 565px) 100vw, 565px\" \/><\/a>\n\t\t<\/figure>\n\t<\/div>\n<a href=\"https:\/\/cricksuperfoods.com\/en\/embajadores\/\" class=\"sohohotel-button1\" style=\"background: #ffffff;color:#6cc8c1;margin: 0 auto 0 auto;\">Aplica aqu\u00ed <i class=\"fa\"><\/i><\/a><div class=\"sohohotel-clearboth\"><\/div><\/div><\/div><\/div><\/div><div class=\"vc_row wpb_row vc_row-fluid vc_custom_1716500885503 sohohotel-content-wrapper-vc vc_row-has-fill vc_row-o-content-middle vc_row-flex\"><div class=\"wpb_column vc_column_container vc_col-sm-12\"><div class=\"vc_column-inner\"><div class=\"wpb_wrapper\"><div class=\"vc_icon_element vc_icon_element-outer vc_icon_element-align-center\"><div class=\"vc_icon_element-inner vc_icon_element-color-white vc_icon_element-size-xl vc_icon_element-style- vc_icon_element-background-color-grey\" ><span class=\"vc_icon_element-icon vc_li vc_li-shop\" ><\/span><a class=\"vc_icon_element-link\" href=\"https:\/\/cricksuperfoods.com\/en\/distribuidores\/\"  title=\"\" target=\"_self\"><\/a><\/div><\/div>\n\t<div class=\"wpb_text_column wpb_content_element  vc_custom_1716822879154\" >\n\t\t<div class=\"wpb_wrapper\">\n\t\t\t<h2 style=\"text-align: center; color: white;\">\u00bfQuieres ser distribuidor?<\/h2>\n\n\t\t<\/div>\n\t<\/div>\n\n\t<div  class=\"wpb_single_image wpb_content_element vc_align_center\">\n\t\t\n\t\t<figure class=\"wpb_wrapper vc_figure\">\n\t\t\t<a href=\"https:\/\/cricksuperfoods.com\/en\/distribuidores\/\" target=\"_self\" class=\"vc_single_image-wrapper   vc_box_border_grey\"><img loading=\"lazy\" decoding=\"async\" width=\"565\" height=\"102\" src=\"https:\/\/i0.wp.com\/cricksuperfoods.com\/wp-content\/uploads\/2022\/02\/SUPERFOODS.png?fit=565%2C102&amp;ssl=1\" class=\"vc_single_image-img attachment-large\" alt=\"Crick Superfoods Alimentos con Prote\u00edna de Grillo\" srcset=\"https:\/\/i0.wp.com\/cricksuperfoods.com\/wp-content\/uploads\/2022\/02\/SUPERFOODS.png?w=565&amp;ssl=1 565w, https:\/\/i0.wp.com\/cricksuperfoods.com\/wp-content\/uploads\/2022\/02\/SUPERFOODS.png?resize=300%2C54&amp;ssl=1 300w, https:\/\/i0.wp.com\/cricksuperfoods.com\/wp-content\/uploads\/2022\/02\/SUPERFOODS.png?resize=100%2C18&amp;ssl=1 100w\" sizes=\"auto, (max-width: 565px) 100vw, 565px\" \/><\/a>\n\t\t<\/figure>\n\t<\/div>\n<a href=\"https:\/\/cricksuperfoods.com\/en\/distribuidores\/\" class=\"sohohotel-button1\" style=\"background: #ffffff;color:#ee6b5e;margin: 0 auto 0 auto;\">Aplica aqu\u00ed <i class=\"fa\"><\/i><\/a><div class=\"sohohotel-clearboth\"><\/div><\/div><\/div><\/div><\/div><div class=\"vc_row wpb_row vc_row-fluid vc_custom_1746806258442 sohohotel-content-wrapper-vc\"><div class=\"wpb_column vc_column_container vc_col-sm-6\"><div class=\"vc_column-inner\"><div class=\"wpb_wrapper\"><div class=\"sohohotel-title3 sohohotel-title-color\"><h4>Contact us<\/h4><\/div>\n\t<div class=\"wpb_text_column wpb_content_element\" >\n\t\t<div class=\"wpb_wrapper\">\n\t\t\t<p>Our team is always active to solve any questions, concerns or suggestions. Use the form below to send us an e-mail. We will respond as soon as possible.<\/p>\n\n\t\t<\/div>\n\t<\/div>\n\n<div class=\"wpcf7 no-js\" id=\"wpcf7-f95-o1\" lang=\"en-US\" dir=\"ltr\" data-wpcf7-id=\"95\">\n<div class=\"screen-reader-response\"><p role=\"status\" aria-live=\"polite\" aria-atomic=\"true\"><\/p> <ul><\/ul><\/div>\n<form action=\"\/en\/wp-json\/wp\/v2\/pages\/474#wpcf7-f95-o1\" method=\"post\" class=\"wpcf7-form init\" aria-label=\"Contact form\" novalidate=\"novalidate\" data-status=\"init\" data-trp-original-action=\"\/en\/wp-json\/wp\/v2\/pages\/474#wpcf7-f95-o1\">\n<fieldset class=\"hidden-fields-container\"><input type=\"hidden\" name=\"_wpcf7\" value=\"95\" \/><input type=\"hidden\" name=\"_wpcf7_version\" value=\"6.1.5\" \/><input type=\"hidden\" name=\"_wpcf7_locale\" value=\"en_US\" \/><input type=\"hidden\" name=\"_wpcf7_unit_tag\" value=\"wpcf7-f95-o1\" \/><input type=\"hidden\" name=\"_wpcf7_container_post\" value=\"0\" \/><input type=\"hidden\" name=\"_wpcf7_posted_data_hash\" value=\"\" \/><input type=\"hidden\" name=\"_wpcf7_recaptcha_response\" value=\"\" \/>\n<\/fieldset>\n<p><label>Name <span>*<\/span><\/label><span class=\"wpcf7-form-control-wrap\" data-name=\"your-name\"><input size=\"40\" maxlength=\"400\" class=\"wpcf7-form-control wpcf7-text wpcf7-validates-as-required\" aria-required=\"true\" aria-invalid=\"false\" value=\"\" type=\"text\" name=\"your-name\" \/><\/span><label>Phone <span>*<\/span><\/label><span class=\"wpcf7-form-control-wrap\" data-name=\"Telefono\"><input size=\"40\" maxlength=\"400\" class=\"wpcf7-form-control wpcf7-tel wpcf7-text wpcf7-validates-as-tel\" aria-invalid=\"false\" value=\"\" type=\"tel\" name=\"Telefono\" \/><\/span><label>Email <span>*<\/span><\/label><span class=\"wpcf7-form-control-wrap\" data-name=\"your-email\"><input size=\"40\" maxlength=\"400\" class=\"wpcf7-form-control wpcf7-email wpcf7-validates-as-required wpcf7-text wpcf7-validates-as-email\" aria-required=\"true\" aria-invalid=\"false\" value=\"\" type=\"email\" name=\"your-email\" \/><\/span><label>Subject<\/label><span class=\"wpcf7-form-control-wrap\" data-name=\"your-subject\"><input size=\"40\" maxlength=\"400\" class=\"wpcf7-form-control wpcf7-text\" aria-invalid=\"false\" value=\"\" type=\"text\" name=\"your-subject\" \/><\/span><label>Message <span>*<\/span><\/label><span class=\"wpcf7-form-control-wrap\" data-name=\"your-message\"><textarea cols=\"40\" rows=\"10\" maxlength=\"2000\" class=\"wpcf7-form-control wpcf7-textarea wpcf7-validates-as-required sohohotel-cf7-form2\" aria-required=\"true\" aria-invalid=\"false\" name=\"your-message\"><\/textarea><\/span>\n<input class=\"wpcf7-form-control wpcf7-submit has-spinner\" type=\"submit\" value=\"Send\" \/>\n<\/p><p style=\"display: none !important;\" class=\"akismet-fields-container\" data-prefix=\"_wpcf7_ak_\"><label>&#916;<textarea name=\"_wpcf7_ak_hp_textarea\" cols=\"45\" rows=\"8\" maxlength=\"100\"><\/textarea><\/label><input type=\"hidden\" id=\"ak_js_1\" name=\"_wpcf7_ak_js\" value=\"109\"\/><script>document.getElementById( \"ak_js_1\" ).setAttribute( \"value\", ( new Date() ).getTime() );<\/script><\/p><div class=\"wpcf7-response-output\" aria-hidden=\"true\"><\/div>\n<input type=\"hidden\" name=\"trp-form-language\" value=\"en\"\/><\/form>\n<\/div>\n<div class=\"vc_empty_space\"   style=\"height: 40px\"><span class=\"vc_empty_space_inner\"><\/span><\/div><\/div><\/div><\/div><div class=\"wpb_column vc_column_container vc_col-sm-6\"><div class=\"vc_column-inner\"><div class=\"wpb_wrapper\"><div class=\"sohohotel-title3 sohohotel-title-color\"><h4>Contact details<\/h4><\/div><ul class=\"sohohotel-contact-details-list\"><li class=\"sohohotel-address clearfix\">Simon Bolivar, Manuel Romero S1-123 - Quito - Ecuador<\/li><li class=\"sohohotel-phone clearfix\">+593 96-935-4042<\/li><li class=\"sohohotel-email clearfix\"><a href=\"mailto:info@cricksuperfoods.com\">info@cricksuperfoods.com<\/a><\/li><\/ul><div class=\"sohohotel-title3 sohohotel-title-color\"><h4>Follow us on social networks<\/h4><\/div>\n\t<div class=\"wpb_raw_code wpb_content_element wpb_raw_html vc_custom_1639439953808\" >\n\t\t<div class=\"wpb_wrapper\">\n\t\t\t<p>\n\n<a href=\"https:\/\/www.facebook.com\/cricksuperfoods\/\" target=\"_blank\"><i class=\"fab fa-facebook fa-2x\"><\/i><\/a> &nbsp&nbsp&nbsp\n\n<a href=\"https:\/\/www.instagram.com\/crick.superfoods\/\" target=\"_blank\"><i class=\"fab fa-instagram fa-2x\"><\/i><\/a> &nbsp&nbsp&nbsp\n\n<a href=\"https:\/\/youtube.com\/channel\/UCl_X_JZYkv15lxEdvGh2H1g\" target=\"_blank\"><i class=\"fab fa-youtube fa-2x\"><\/i><\/a> &nbsp&nbsp&nbsp\n\n<a href=\"https:\/\/www.tiktok.com\/@cricksuperfoods\" target=\"_blank\"><i class=\"fab fa-tiktok fa-2x\"><\/i><\/a>\n<\/p>\n\t\t<\/div>\n\t<\/div>\n\n\t<div  class=\"wpb_single_image wpb_content_element vc_align_center  vc_custom_1746806288223\">\n\t\t\n\t\t<figure class=\"wpb_wrapper vc_figure\">\n\t\t\t<div class=\"vc_single_image-wrapper   vc_box_border_grey\"><img loading=\"lazy\" decoding=\"async\" width=\"794\" height=\"571\" src=\"https:\/\/cricksuperfoods.com\/wp-content\/uploads\/2025\/05\/PERSONAJES_3.svg\" class=\"vc_single_image-img attachment-large\" alt=\"\" \/><\/div>\n\t\t<\/figure>\n\t<\/div>\n<\/div><\/div><\/div><\/div>","protected":false},"excerpt":{"rendered":"\u00bfQuieres ser embajador? Aplica aqu\u00ed \u00bfQuieres ser distribuidor? Aplica aqu\u00ed Cont\u00e1ctanos Nuestro equipo est\u00e1 siempre activo para resolver cualquier pregunta, duda o sugerencia. Utiliza el siguiente formulario para escribirnos un correo electr\u00f3nico. Responderemos en la brevedad posible. Nombre *Tel\u00e9fono *Email *AsuntoMensaje * &#916; Datos de ContactoSim\u00f3n Bolivar, Manuel Romero S1-123 - Quito- Ecuador+593 96-935-4042info@cricksuperfoods.comS\u00edguenos en<a href=\"https:\/\/cricksuperfoods.com\/en\/contacto\/\" class=\"sohohotel-more-link\">Leer m&aacute;s<i class=\"fa fa-angle-right\"><\/i><\/a>","protected":false},"author":2,"featured_media":0,"parent":0,"menu_order":0,"comment_status":"closed","ping_status":"closed","template":"","meta":{"footnotes":""},"class_list":["post-474","page","type-page","status-publish","hentry"],"yoast_head":"<!-- This site is optimized with the Yoast SEO plugin v26.9 - https:\/\/yoast.com\/product\/yoast-seo-wordpress\/ -->\n<title>Cont\u00e1ctanos - Crick Superfoods<\/title>\n<meta name=\"robots\" content=\"index, follow, max-snippet:-1, max-image-preview:large, max-video-preview:-1\" \/>\n<link rel=\"canonical\" href=\"https:\/\/cricksuperfoods.com\/en\/contacto\/\" \/>\n<meta property=\"og:locale\" content=\"en_US\" \/>\n<meta property=\"og:type\" content=\"article\" \/>\n<meta property=\"og:title\" content=\"Cont\u00e1ctanos - Crick Superfoods\" \/>\n<meta property=\"og:url\" content=\"https:\/\/cricksuperfoods.com\/en\/contacto\/\" \/>\n<meta property=\"og:site_name\" content=\"Crick Superfoods\" \/>\n<meta property=\"article:modified_time\" content=\"2025-05-09T15:58:35+00:00\" \/>\n<meta name=\"twitter:card\" content=\"summary_large_image\" \/>\n<meta name=\"twitter:label1\" content=\"Est. reading time\" \/>\n\t<meta name=\"twitter:data1\" content=\"1 minute\" \/>\n<script type=\"application\/ld+json\" class=\"yoast-schema-graph\">{\"@context\":\"https:\/\/schema.org\",\"@graph\":[{\"@type\":\"WebPage\",\"@id\":\"https:\/\/cricksuperfoods.com\/contacto\/\",\"url\":\"https:\/\/cricksuperfoods.com\/contacto\/\",\"name\":\"Cont\u00e1ctanos - Crick Superfoods\",\"isPartOf\":{\"@id\":\"https:\/\/cricksuperfoods.com\/#website\"},\"datePublished\":\"2021-04-07T21:49:11+00:00\",\"dateModified\":\"2025-05-09T15:58:35+00:00\",\"breadcrumb\":{\"@id\":\"https:\/\/cricksuperfoods.com\/contacto\/#breadcrumb\"},\"inLanguage\":\"en-US\",\"potentialAction\":[{\"@type\":\"ReadAction\",\"target\":[\"https:\/\/cricksuperfoods.com\/contacto\/\"]}]},{\"@type\":\"BreadcrumbList\",\"@id\":\"https:\/\/cricksuperfoods.com\/contacto\/#breadcrumb\",\"itemListElement\":[{\"@type\":\"ListItem\",\"position\":1,\"name\":\"Home\",\"item\":\"https:\/\/cricksuperfoods.com\/\"},{\"@type\":\"ListItem\",\"position\":2,\"name\":\"Cont\u00e1ctanos\"}]},{\"@type\":\"WebSite\",\"@id\":\"https:\/\/cricksuperfoods.com\/#website\",\"url\":\"https:\/\/cricksuperfoods.com\/\",\"name\":\"Crick Superfoods\",\"description\":\"Alimentos con Prote\u00edna de Grillo\",\"potentialAction\":[{\"@type\":\"SearchAction\",\"target\":{\"@type\":\"EntryPoint\",\"urlTemplate\":\"https:\/\/cricksuperfoods.com\/?s={search_term_string}\"},\"query-input\":{\"@type\":\"PropertyValueSpecification\",\"valueRequired\":true,\"valueName\":\"search_term_string\"}}],\"inLanguage\":\"en-US\"}]}<\/script>\n<!-- \/ Yoast SEO plugin. -->","yoast_head_json":{"title":"Cont\u00e1ctanos - Crick Superfoods","robots":{"index":"index","follow":"follow","max-snippet":"max-snippet:-1","max-image-preview":"max-image-preview:large","max-video-preview":"max-video-preview:-1"},"canonical":"https:\/\/cricksuperfoods.com\/en\/contacto\/","og_locale":"en_US","og_type":"article","og_title":"Cont\u00e1ctanos - Crick Superfoods","og_url":"https:\/\/cricksuperfoods.com\/en\/contacto\/","og_site_name":"Crick Superfoods","article_modified_time":"2025-05-09T15:58:35+00:00","twitter_card":"summary_large_image","twitter_misc":{"Est. reading time":"1 minute"},"schema":{"@context":"https:\/\/schema.org","@graph":[{"@type":"WebPage","@id":"https:\/\/cricksuperfoods.com\/contacto\/","url":"https:\/\/cricksuperfoods.com\/contacto\/","name":"Cont\u00e1ctanos - Crick Superfoods","isPartOf":{"@id":"https:\/\/cricksuperfoods.com\/#website"},"datePublished":"2021-04-07T21:49:11+00:00","dateModified":"2025-05-09T15:58:35+00:00","breadcrumb":{"@id":"https:\/\/cricksuperfoods.com\/contacto\/#breadcrumb"},"inLanguage":"en-US","potentialAction":[{"@type":"ReadAction","target":["https:\/\/cricksuperfoods.com\/contacto\/"]}]},{"@type":"BreadcrumbList","@id":"https:\/\/cricksuperfoods.com\/contacto\/#breadcrumb","itemListElement":[{"@type":"ListItem","position":1,"name":"Home","item":"https:\/\/cricksuperfoods.com\/"},{"@type":"ListItem","position":2,"name":"Cont\u00e1ctanos"}]},{"@type":"WebSite","@id":"https:\/\/cricksuperfoods.com\/#website","url":"https:\/\/cricksuperfoods.com\/","name":"Crick Superfoods","description":"Alimentos con Prote\u00edna de Grillo","potentialAction":[{"@type":"SearchAction","target":{"@type":"EntryPoint","urlTemplate":"https:\/\/cricksuperfoods.com\/?s={search_term_string}"},"query-input":{"@type":"PropertyValueSpecification","valueRequired":true,"valueName":"search_term_string"}}],"inLanguage":"en-US"}]}},"jetpack_sharing_enabled":true,"_links":{"self":[{"href":"https:\/\/cricksuperfoods.com\/en\/wp-json\/wp\/v2\/pages\/474","targetHints":{"allow":["GET"]}}],"collection":[{"href":"https:\/\/cricksuperfoods.com\/en\/wp-json\/wp\/v2\/pages"}],"about":[{"href":"https:\/\/cricksuperfoods.com\/en\/wp-json\/wp\/v2\/types\/page"}],"author":[{"embeddable":true,"href":"https:\/\/cricksuperfoods.com\/en\/wp-json\/wp\/v2\/users\/2"}],"replies":[{"embeddable":true,"href":"https:\/\/cricksuperfoods.com\/en\/wp-json\/wp\/v2\/comments?post=474"}],"version-history":[{"count":5,"href":"https:\/\/cricksuperfoods.com\/en\/wp-json\/wp\/v2\/pages\/474\/revisions"}],"predecessor-version":[{"id":6115,"href":"https:\/\/cricksuperfoods.com\/en\/wp-json\/wp\/v2\/pages\/474\/revisions\/6115"}],"wp:attachment":[{"href":"https:\/\/cricksuperfoods.com\/en\/wp-json\/wp\/v2\/media?parent=474"}],"curies":[{"name":"wp","href":"https:\/\/api.w.org\/{rel}","templated":true}]}}