{"id":442,"date":"2021-04-07T16:48:56","date_gmt":"2021-04-07T21:48:56","guid":{"rendered":"http:\/\/box2007.temp.domains\/~recciec\/?page_id=442"},"modified":"2025-03-11T10:45:40","modified_gmt":"2025-03-11T15:45:40","slug":"nosotros","status":"publish","type":"page","link":"https:\/\/cricksuperfoods.com\/en\/nosotros\/","title":{"rendered":"About Us"},"content":{"rendered":"<div class=\"vc_row wpb_row vc_row-fluid vc_custom_1642887488423 vc_row-has-fill vc_row-o-content-middle vc_row-flex\"><div class=\"wpb_column vc_column_container vc_col-sm-8\"><div class=\"vc_column-inner\"><div class=\"wpb_wrapper\">\n\t<div class=\"wpb_text_column wpb_content_element  vc_custom_1646163469728 white\" >\n\t\t<div class=\"wpb_wrapper\">\n\t\t\t<p style=\"text-align: center;\"><img data-recalc-dims=\"1\" loading=\"lazy\" decoding=\"async\" class=\"aligncenter wp-image-5318 size-full\" src=\"https:\/\/i0.wp.com\/cricksuperfoods.com\/wp-content\/uploads\/2022\/02\/SUPERFOODS.png?resize=565%2C102\" alt=\"\" width=\"565\" height=\"102\" srcset=\"https:\/\/i0.wp.com\/cricksuperfoods.com\/wp-content\/uploads\/2022\/02\/SUPERFOODS.png?w=565&amp;ssl=1 565w, https:\/\/i0.wp.com\/cricksuperfoods.com\/wp-content\/uploads\/2022\/02\/SUPERFOODS.png?resize=300%2C54&amp;ssl=1 300w, https:\/\/i0.wp.com\/cricksuperfoods.com\/wp-content\/uploads\/2022\/02\/SUPERFOODS.png?resize=100%2C18&amp;ssl=1 100w\" sizes=\"auto, (max-width: 565px) 100vw, 565px\" \/><\/p>\n<p class=\"txt-nosotros2\" style=\"text-align: center;\"><strong>First ecuadorian company to produce and sell<\/strong><\/p>\n<p class=\"txt-nosotros2\" style=\"text-align: center;\"><strong> food products with cricket protein.<\/strong><\/p>\n\n\t\t<\/div>\n\t<\/div>\n\n\t<div  class=\"wpb_single_image wpb_content_element vc_align_center  wpb_animate_when_almost_visible wpb_bounceIn bounceIn vc_custom_1741707861363\">\n\t\t\n\t\t<figure class=\"wpb_wrapper vc_figure\">\n\t\t\t<div class=\"vc_single_image-wrapper   vc_box_border_grey\"><img loading=\"lazy\" decoding=\"async\" class=\"vc_single_image-img\" src=\"https:\/\/i0.wp.com\/cricksuperfoods.com\/wp-content\/uploads\/2025\/03\/products-cricksuperfoods.png?fit=687%2C411&amp;ssl=1\" width=\"687\" height=\"411\" alt=\"products-cricksuperfoods\" title=\"products-cricksuperfoods\" \/><\/div>\n\t\t<\/figure>\n\t<\/div>\n<\/div><\/div><\/div><div class=\"wpb_column vc_column_container vc_col-sm-4\"><div class=\"vc_column-inner\"><div class=\"wpb_wrapper\">\n\t<div  class=\"wpb_single_image wpb_content_element vc_align_center   entotrust\">\n\t\t\n\t\t<figure class=\"wpb_wrapper vc_figure\">\n\t\t\t<a href=\"https:\/\/www.entotrust.org\/\" target=\"_blank\" class=\"vc_single_image-wrapper   vc_box_border_grey\"><img loading=\"lazy\" decoding=\"async\" width=\"300\" height=\"300\" src=\"https:\/\/cricksuperfoods.com\/wp-content\/uploads\/2022\/01\/entotrust-logo.svg\" class=\"vc_single_image-img attachment-thumbnail\" alt=\"\" \/><\/a>\n\t\t<\/figure>\n\t<\/div>\n\n\t<div  class=\"wpb_single_image wpb_content_element vc_align_center  wpb_animate_when_almost_visible wpb_right-to-left right-to-left\">\n\t\t\n\t\t<figure class=\"wpb_wrapper vc_figure\">\n\t\t\t<div class=\"vc_single_image-wrapper   vc_box_border_grey\"><img loading=\"lazy\" decoding=\"async\" width=\"365\" height=\"507\" src=\"https:\/\/i0.wp.com\/cricksuperfoods.com\/wp-content\/uploads\/2025\/03\/polaroid-crick4.png?fit=365%2C507&amp;ssl=1\" class=\"vc_single_image-img attachment-full\" alt=\"\" srcset=\"https:\/\/i0.wp.com\/cricksuperfoods.com\/wp-content\/uploads\/2025\/03\/polaroid-crick4.png?w=365&amp;ssl=1 365w, https:\/\/i0.wp.com\/cricksuperfoods.com\/wp-content\/uploads\/2025\/03\/polaroid-crick4.png?resize=216%2C300&amp;ssl=1 216w, https:\/\/i0.wp.com\/cricksuperfoods.com\/wp-content\/uploads\/2025\/03\/polaroid-crick4.png?resize=9%2C12&amp;ssl=1 9w, https:\/\/i0.wp.com\/cricksuperfoods.com\/wp-content\/uploads\/2025\/03\/polaroid-crick4.png?resize=72%2C100&amp;ssl=1 72w\" sizes=\"auto, (max-width: 365px) 100vw, 365px\" \/><\/div>\n\t\t<\/figure>\n\t<\/div>\n<\/div><\/div><\/div><\/div><div class=\"vc_row wpb_row vc_row-fluid vc_row-o-equal-height vc_row-o-content-middle vc_row-flex\"><div class=\"wpb_column vc_column_container vc_col-sm-6 vc_col-has-fill\"><div class=\"vc_column-inner vc_custom_1641338140341\"><div class=\"wpb_wrapper\">\n\t<div class=\"wpb_text_column wpb_content_element  vc_custom_1646163497831\" >\n\t\t<div class=\"wpb_wrapper\">\n\t\t\t<p class=\"title-nosotros1\" style=\"text-align: center;\">THE FOOD OF THE FUTURE<\/p>\n\n\t\t<\/div>\n\t<\/div>\n\n\t<div class=\"wpb_text_column wpb_content_element  white\" >\n\t\t<div class=\"wpb_wrapper\">\n\t\t\t<p class=\"txt-nosotros\" style=\"text-align: center;\">Crickets are the food of the future due to their high levels of nutritive values<\/p>\n\n\t\t<\/div>\n\t<\/div>\n\n\t<div class=\"wpb_text_column wpb_content_element  vc_custom_1644950767285 white\" >\n\t\t<div class=\"wpb_wrapper\">\n\t\t\t<p class=\"txt-nosotros\" style=\"text-align: left;\"><img loading=\"lazy\" decoding=\"async\" class=\"grillo-bullet aligncenter wp-image-5132\" role=\"img\" src=\"http:\/\/cricksuperfoods.com\/wp-content\/uploads\/2022\/01\/grillo-crick3.svg\" alt=\"\" width=\"17\" height=\"17\" \/> High in protein, 9 amino acids, vitamin B12, iron and calcium.<\/p>\n<p class=\"txt-nosotros\" style=\"text-align: left;\"><img loading=\"lazy\" decoding=\"async\" class=\"grillo-bullet aligncenter wp-image-5132\" role=\"img\" src=\"http:\/\/cricksuperfoods.com\/wp-content\/uploads\/2022\/01\/grillo-crick3.svg\" alt=\"\" width=\"17\" height=\"17\" \/> Less polluting than any other animal protein.<\/p>\n<p class=\"txt-nosotros\" style=\"text-align: left;\"><img loading=\"lazy\" decoding=\"async\" class=\"grillo-bullet aligncenter wp-image-5132\" role=\"img\" src=\"http:\/\/cricksuperfoods.com\/wp-content\/uploads\/2022\/01\/grillo-crick3.svg\" alt=\"\" width=\"17\" height=\"17\" \/> Raised in a controlled environment with high health standards.<\/p>\n<p class=\"txt-nosotros\" style=\"text-align: left;\"><img loading=\"lazy\" decoding=\"async\" class=\"grillo-bullet aligncenter wp-image-5132\" role=\"img\" src=\"http:\/\/cricksuperfoods.com\/wp-content\/uploads\/2022\/01\/grillo-crick3.svg\" alt=\"\" width=\"17\" height=\"17\" \/> Snack with purpose nutritional and environmental.<\/p>\n\n\t\t<\/div>\n\t<\/div>\n\n\t<div  class=\"wpb_single_image wpb_content_element vc_align_center  wpb_animate_when_almost_visible wpb_bounceIn bounceIn\">\n\t\t\n\t\t<figure class=\"wpb_wrapper vc_figure\">\n\t\t\t<div class=\"vc_single_image-wrapper   vc_box_border_grey\"><img loading=\"lazy\" decoding=\"async\" class=\"vc_single_image-img\" src=\"https:\/\/i0.wp.com\/cricksuperfoods.com\/wp-content\/uploads\/2022\/01\/crick-world-150x147.png\" width=\"150\" height=\"147\" alt=\"crick-world\" title=\"crick-world\" \/><\/div>\n\t\t<\/figure>\n\t<\/div>\n<\/div><\/div><\/div><div class=\"wpb_column vc_column_container vc_col-sm-6 vc_hidden-sm vc_hidden-xs vc_col-has-fill\"><div class=\"vc_column-inner vc_custom_1641851428347\"><div class=\"wpb_wrapper\"><\/div><\/div><\/div><\/div><div class=\"vc_row wpb_row vc_row-fluid vc_row-o-equal-height vc_row-o-content-middle vc_row-flex\"><div class=\"wpb_column vc_column_container vc_col-sm-3 vc_col-has-fill\"><div class=\"vc_column-inner vc_custom_1643041966208\"><div class=\"wpb_wrapper\">\n\t<div  class=\"wpb_single_image wpb_content_element vc_align_center  wpb_animate_when_almost_visible wpb_fadeInUp fadeInUp vc_custom_1645053220007\">\n\t\t\n\t\t<figure class=\"wpb_wrapper vc_figure\">\n\t\t\t<a href=\"https:\/\/baq.ec\/\" target=\"_blank\" class=\"vc_single_image-wrapper   vc_box_border_grey\"><img loading=\"lazy\" decoding=\"async\" width=\"640\" height=\"288\" src=\"https:\/\/i0.wp.com\/cricksuperfoods.com\/wp-content\/uploads\/2022\/01\/logo-baq-color.png?fit=640%2C288&amp;ssl=1\" class=\"vc_single_image-img attachment-large\" alt=\"\" srcset=\"https:\/\/i0.wp.com\/cricksuperfoods.com\/wp-content\/uploads\/2022\/01\/logo-baq-color.png?w=640&amp;ssl=1 640w, https:\/\/i0.wp.com\/cricksuperfoods.com\/wp-content\/uploads\/2022\/01\/logo-baq-color.png?resize=600%2C270&amp;ssl=1 600w, https:\/\/i0.wp.com\/cricksuperfoods.com\/wp-content\/uploads\/2022\/01\/logo-baq-color.png?resize=300%2C135&amp;ssl=1 300w, https:\/\/i0.wp.com\/cricksuperfoods.com\/wp-content\/uploads\/2022\/01\/logo-baq-color.png?resize=100%2C45&amp;ssl=1 100w\" sizes=\"auto, (max-width: 640px) 100vw, 640px\" \/><\/a>\n\t\t<\/figure>\n\t<\/div>\n<\/div><\/div><\/div><div data-vc-parallax=\"1.5\" class=\"wpb_column vc_column_container vc_col-sm-9 vc_col-has-fill vc_general vc_parallax vc_parallax-content-moving\"><div class=\"vc_column-inner vc_custom_1643042168159\"><div class=\"wpb_wrapper\">\n\t<div class=\"wpb_text_column wpb_content_element\" >\n\t\t<div class=\"wpb_wrapper\">\n\t\t\t<p class=\"title-nosotros2\" style=\"text-align: center;\">We are committed to the food security in our country.<\/p>\n\n\t\t<\/div>\n\t<\/div>\n\n\t<div class=\"wpb_text_column wpb_content_element  vc_custom_1646163542406 white\" >\n\t\t<div class=\"wpb_wrapper\">\n\t\t\t<p class=\"txt-nosotros2\" style=\"text-align: center;\">Your Cricks now have a social purpose as we donate product to the <a href=\"https:\/\/baq.ec\" target=\"_blank\" rel=\"noopener\">Food bank of Quito<\/a> for their community dining room in Solanda, South of Quito, where the homeless are fed on a daily basis.<\/p>\n\n\t\t<\/div>\n\t<\/div>\n<\/div><\/div><\/div><\/div><div class=\"vc_row wpb_row vc_row-fluid vc_custom_1641524395075 vc_row-has-fill vc_row-o-content-middle vc_row-flex\"><div class=\"wpb_column vc_column_container vc_col-sm-12\"><div class=\"vc_column-inner vc_custom_1641339618211\"><div class=\"wpb_wrapper\">\n\t<div  class=\"wpb_single_image wpb_content_element vc_align_center  wpb_animate_when_almost_visible wpb_fadeIn fadeIn vc_custom_1643042563791\">\n\t\t\n\t\t<figure class=\"wpb_wrapper vc_figure\">\n\t\t\t<div class=\"vc_single_image-wrapper   vc_box_border_grey\"><img loading=\"lazy\" decoding=\"async\" width=\"1814\" height=\"527\" src=\"https:\/\/i0.wp.com\/cricksuperfoods.com\/wp-content\/uploads\/2022\/01\/crick-pancartas2.png?fit=1814%2C527&amp;ssl=1\" class=\"vc_single_image-img attachment-full\" alt=\"\" srcset=\"https:\/\/i0.wp.com\/cricksuperfoods.com\/wp-content\/uploads\/2022\/01\/crick-pancartas2.png?w=1814&amp;ssl=1 1814w, https:\/\/i0.wp.com\/cricksuperfoods.com\/wp-content\/uploads\/2022\/01\/crick-pancartas2.png?resize=600%2C174&amp;ssl=1 600w, https:\/\/i0.wp.com\/cricksuperfoods.com\/wp-content\/uploads\/2022\/01\/crick-pancartas2.png?resize=300%2C87&amp;ssl=1 300w, https:\/\/i0.wp.com\/cricksuperfoods.com\/wp-content\/uploads\/2022\/01\/crick-pancartas2.png?resize=1024%2C297&amp;ssl=1 1024w, https:\/\/i0.wp.com\/cricksuperfoods.com\/wp-content\/uploads\/2022\/01\/crick-pancartas2.png?resize=768%2C223&amp;ssl=1 768w, https:\/\/i0.wp.com\/cricksuperfoods.com\/wp-content\/uploads\/2022\/01\/crick-pancartas2.png?resize=1536%2C446&amp;ssl=1 1536w, https:\/\/i0.wp.com\/cricksuperfoods.com\/wp-content\/uploads\/2022\/01\/crick-pancartas2.png?resize=100%2C29&amp;ssl=1 100w\" sizes=\"auto, (max-width: 1140px) 100vw, 1140px\" \/><\/div>\n\t\t<\/figure>\n\t<\/div>\n<\/div><\/div><\/div><\/div><div class=\"vc_row wpb_row vc_row-fluid sohohotel-content-wrapper-vc\"><div class=\"wpb_column vc_column_container vc_col-sm-12\"><div class=\"vc_column-inner\"><div class=\"wpb_wrapper\"><div class=\"vc_empty_space\"   style=\"height: 40px\"><span class=\"vc_empty_space_inner\"><\/span><\/div><\/div><\/div><\/div><\/div><div class=\"vc_row wpb_row vc_row-fluid sohohotel-content-wrapper-vc vc_row-o-equal-height vc_row-o-content-middle vc_row-flex\"><div class=\"wpb_column vc_column_container vc_col-sm-6\"><div class=\"vc_column-inner\"><div class=\"wpb_wrapper\">\n\t\t\t<!-- START Slider 2 REVOLUTION SLIDER 6.7.18 --><p class=\"rs-p-wp-fix\"><\/p>\n\t\t\t<rs-module-wrap id=\"rev_slider_11_1_wrapper\" data-source=\"gallery\" style=\"visibility:hidden;background:transparent;padding:0;margin:0px auto;margin-top:0;margin-bottom:0;\">\n\t\t\t\t<rs-module id=\"rev_slider_11_1\" style=\"\" data-version=\"6.7.18\">\n\t\t\t\t\t<rs-slides style=\"overflow: hidden; position: absolute;\">\n\t\t\t\t\t\t<rs-slide style=\"position: absolute;\" data-key=\"rs-26\" data-title=\"Slide\" data-anim=\"adpr:false;\" data-in=\"o:0;\" data-out=\"a:false;\">\n\t\t\t\t\t\t\t<img data-recalc-dims=\"1\" decoding=\"async\" src=\"https:\/\/i0.wp.com\/cricksuperfoods.com\/wp-content\/plugins\/revslider\/sr6\/assets\/assets\/dummy.png?w=1140\" alt=\"Slide\" class=\"rev-slidebg tp-rs-img rs-lazyload\" data-lazyload=\"\/\/cricksuperfoods.com\/wp-content\/plugins\/revslider\/sr6\/assets\/assets\/transparent.png\" data-no-retina>\n<!--\n\t\t\t\t\t\t\t--><rs-layer\n\t\t\t\t\t\t\t\tid=\"slider-11-slide-26-layer-0\" \n\t\t\t\t\t\t\t\tclass=\"rs-fsv rs-layer-video intrinsic-ignore\"\n\t\t\t\t\t\t\t\tdata-type=\"video\"\n\t\t\t\t\t\t\t\tdata-rsp_ch=\"on\"\n\t\t\t\t\t\t\t\tdata-xy=\"x:0;y:0;\"\n\t\t\t\t\t\t\t\tdata-text=\"w:normal;\"\n\t\t\t\t\t\t\t\tdata-dim=\"w:100%;h:100%;\"\n\t\t\t\t\t\t\t\tdata-video=\"vd:100;fc:true;l:false;ptimer:false;vc:t;\"\n\t\t\t\t\t\t\t\tdata-ytid=\"cJCnDzbs7Rw\"\n\t\t\t\t\t\t\t\tdata-vatr=\"version=3&amp;enablejsapi=1&amp;html5=1&amp;hd=1&amp;wmode=opaque&amp;showinfo=0&amp;rel=0&amp;origin=https:\/\/cricksuperfoods.com;\"\n\t\t\t\t\t\t\t\tdata-frame_999=\"o:0;st:w;\"\n\t\t\t\t\t\t\t\tstyle=\"z-index:5;\"\n\t\t\t\t\t\t\t>\n\t\t\t\t\t\t\t<\/rs-layer><!--\n-->\t\t\t\t\t<\/rs-slide>\n\t\t\t\t\t<\/rs-slides>\n\t\t\t\t<\/rs-module>\n\t\t\t\t<script>\n\t\t\t\t\tsetREVStartSize({c: 'rev_slider_11_1',rl:[1240,1024,778,480],el:[1080],gw:[1920],gh:[1080],type:'standard',justify:'',layout:'fullwidth',mh:\"0\"});if (window.RS_MODULES!==undefined && window.RS_MODULES.modules!==undefined && window.RS_MODULES.modules[\"revslider111\"]!==undefined) {window.RS_MODULES.modules[\"revslider111\"].once = false;window.revapi11 = undefined;if (window.RS_MODULES.checkMinimal!==undefined) window.RS_MODULES.checkMinimal()}\n\t\t\t\t<\/script>\n\t\t\t\t<script src=\"https:\/\/www.youtube.com\/iframe_api\"><\/script>\n\t\t\t<\/rs-module-wrap>\n\t\t\t<!-- END REVOLUTION SLIDER -->\n<\/div><\/div><\/div><div class=\"wpb_column vc_column_container vc_col-sm-6\"><div class=\"vc_column-inner vc_custom_1619398511009\"><div class=\"wpb_wrapper\"><div class=\"vc_empty_space\"   style=\"height: 60px\"><span class=\"vc_empty_space_inner\"><\/span><\/div><div class=\"sohohotel-title3 sohohotel-title-color\"><h4>Who We Are<\/h4><\/div>\n\t<div class=\"wpb_text_column wpb_content_element\" >\n\t\t<div class=\"wpb_wrapper\">\n\t\t\t<p style=\"text-align: justify;\">We are the first ecuadorian company to produce and sell products with cricket protein. Crick Superfoods is born due to the difficulty of finding food products that contain sustainable protein.<\/p>\n<p style=\"text-align: justify;\">Crick Superfoods was founded with one goal in mind: to feed with innovative and delicious options in natural protein. That is how we proudly sell quality products with a nutritional and environmental impact.<\/p>\n\n\t\t<\/div>\n\t<\/div>\n<div class=\"vc_empty_space\"   style=\"height: 60px\"><span class=\"vc_empty_space_inner\"><\/span><\/div><\/div><\/div><\/div><\/div><div class=\"vc_row wpb_row vc_row-fluid\"><div class=\"wpb_column vc_column_container vc_col-sm-12\"><div class=\"vc_column-inner\"><div class=\"wpb_wrapper\"><div class=\"sohohotel-title2 sohohotel-title-color\"><h3>Visita nuestro canal de YouTube<\/h3><\/div><\/div><\/div><\/div><div class=\"wpb_column vc_column_container vc_col-sm-4\"><div class=\"vc_column-inner\"><div class=\"wpb_wrapper\">\n\t<div class=\"wpb_video_widget wpb_content_element vc_clearfix  wpb_animate_when_almost_visible wpb_fadeInUp fadeInUp  vc_video-aspect-ratio-169 vc_video-el-width-100 vc_video-align-center\" >\n\t\t<div class=\"wpb_wrapper\">\n\t\t\t\n\t\t\t<div class=\"wpb_video_wrapper\"><iframe loading=\"lazy\" title=\"\u00bfNachos con Grillo? Crick Superfoods\" width=\"1140\" height=\"641\" src=\"https:\/\/www.youtube.com\/embed\/7cQP-hXo2DA?start=2&feature=oembed\" frameborder=\"0\" allow=\"accelerometer; autoplay; clipboard-write; encrypted-media; gyroscope; picture-in-picture; web-share\" referrerpolicy=\"strict-origin-when-cross-origin\" allowfullscreen><\/iframe><\/div>\n\t\t<\/div>\n\t<\/div>\n<\/div><\/div><\/div><div class=\"wpb_column vc_column_container vc_col-sm-4\"><div class=\"vc_column-inner\"><div class=\"wpb_wrapper\">\n\t<div class=\"wpb_video_widget wpb_content_element vc_clearfix  wpb_animate_when_almost_visible wpb_fadeInUp fadeInUp  vc_video-aspect-ratio-169 vc_video-el-width-100 vc_video-align-center\" >\n\t\t<div class=\"wpb_wrapper\">\n\t\t\t\n\t\t\t<div class=\"wpb_video_wrapper\"><iframe loading=\"lazy\" title=\"Crick F\u00e1brica \u00bfc\u00f3mo se hacen nuestros CRICK nachos?\" width=\"1140\" height=\"641\" src=\"https:\/\/www.youtube.com\/embed\/BRqt-HlBI6Q?feature=oembed\" frameborder=\"0\" allow=\"accelerometer; autoplay; clipboard-write; encrypted-media; gyroscope; picture-in-picture; web-share\" referrerpolicy=\"strict-origin-when-cross-origin\" allowfullscreen><\/iframe><\/div>\n\t\t<\/div>\n\t<\/div>\n<\/div><\/div><\/div><div class=\"wpb_column vc_column_container vc_col-sm-4\"><div class=\"vc_column-inner\"><div class=\"wpb_wrapper\">\n\t<div class=\"wpb_video_widget wpb_content_element vc_clearfix  wpb_animate_when_almost_visible wpb_fadeInUp fadeInUp  vc_video-aspect-ratio-169 vc_video-el-width-100 vc_video-align-center\" >\n\t\t<div class=\"wpb_wrapper\">\n\t\t\t\n\t\t\t<div class=\"wpb_video_wrapper\"><iframe loading=\"lazy\" title=\"Crick Farm: \u00bfC\u00f3mo es nuestra granja y sistema de producci\u00f3n de la prote\u00edna 100% molida?\" width=\"1140\" height=\"641\" src=\"https:\/\/www.youtube.com\/embed\/_u11pxMyM3M?feature=oembed\" frameborder=\"0\" allow=\"accelerometer; autoplay; clipboard-write; encrypted-media; gyroscope; picture-in-picture; web-share\" referrerpolicy=\"strict-origin-when-cross-origin\" allowfullscreen><\/iframe><\/div>\n\t\t<\/div>\n\t<\/div>\n<\/div><\/div><\/div><\/div>","protected":false},"excerpt":{"rendered":"Primera empresa ecuatoriana en producir y comercializar productos alimenticios con prote\u00edna de grillo. EL ALIMENTO DEL FUTURO El grillo es el alimento del futuro debido a sus altos niveles nutricionales. Alto en prote\u00edna, 9 amino\u00e1cidos, vitamina B12, hierro y calcio. Contamina menos que cualquier otro tipo de prote\u00edna animal. Criados en ambiente controlado y con<a href=\"https:\/\/cricksuperfoods.com\/en\/nosotros\/\" class=\"sohohotel-more-link\">Leer m&aacute;s<i class=\"fa fa-angle-right\"><\/i><\/a>","protected":false},"author":2,"featured_media":0,"parent":0,"menu_order":0,"comment_status":"closed","ping_status":"closed","template":"","meta":{"footnotes":""},"class_list":["post-442","page","type-page","status-publish","hentry"],"yoast_head":"<!-- This site is optimized with the Yoast SEO plugin v26.9 - https:\/\/yoast.com\/product\/yoast-seo-wordpress\/ -->\n<title>Nosotros - Crick Superfoods<\/title>\n<meta name=\"robots\" content=\"index, follow, max-snippet:-1, max-image-preview:large, max-video-preview:-1\" \/>\n<link rel=\"canonical\" href=\"https:\/\/cricksuperfoods.com\/en\/nosotros\/\" \/>\n<meta property=\"og:locale\" content=\"en_US\" \/>\n<meta property=\"og:type\" content=\"article\" \/>\n<meta property=\"og:title\" content=\"Nosotros - Crick Superfoods\" \/>\n<meta property=\"og:url\" content=\"https:\/\/cricksuperfoods.com\/en\/nosotros\/\" \/>\n<meta property=\"og:site_name\" content=\"Crick Superfoods\" \/>\n<meta property=\"article:modified_time\" content=\"2025-03-11T15:45:40+00:00\" \/>\n<meta property=\"og:image\" content=\"http:\/\/cricksuperfoods.com\/wp-content\/uploads\/2022\/02\/SUPERFOODS.png\" \/>\n<meta name=\"twitter:card\" content=\"summary_large_image\" \/>\n<meta name=\"twitter:label1\" content=\"Est. reading time\" \/>\n\t<meta name=\"twitter:data1\" content=\"3 minutes\" \/>\n<script type=\"application\/ld+json\" class=\"yoast-schema-graph\">{\"@context\":\"https:\/\/schema.org\",\"@graph\":[{\"@type\":\"WebPage\",\"@id\":\"https:\/\/cricksuperfoods.com\/nosotros\/\",\"url\":\"https:\/\/cricksuperfoods.com\/nosotros\/\",\"name\":\"Nosotros - Crick Superfoods\",\"isPartOf\":{\"@id\":\"https:\/\/cricksuperfoods.com\/#website\"},\"primaryImageOfPage\":{\"@id\":\"https:\/\/cricksuperfoods.com\/nosotros\/#primaryimage\"},\"image\":{\"@id\":\"https:\/\/cricksuperfoods.com\/nosotros\/#primaryimage\"},\"thumbnailUrl\":\"http:\/\/cricksuperfoods.com\/wp-content\/uploads\/2022\/02\/SUPERFOODS.png\",\"datePublished\":\"2021-04-07T21:48:56+00:00\",\"dateModified\":\"2025-03-11T15:45:40+00:00\",\"breadcrumb\":{\"@id\":\"https:\/\/cricksuperfoods.com\/nosotros\/#breadcrumb\"},\"inLanguage\":\"en-US\",\"potentialAction\":[{\"@type\":\"ReadAction\",\"target\":[\"https:\/\/cricksuperfoods.com\/nosotros\/\"]}]},{\"@type\":\"ImageObject\",\"inLanguage\":\"en-US\",\"@id\":\"https:\/\/cricksuperfoods.com\/nosotros\/#primaryimage\",\"url\":\"http:\/\/cricksuperfoods.com\/wp-content\/uploads\/2022\/02\/SUPERFOODS.png\",\"contentUrl\":\"http:\/\/cricksuperfoods.com\/wp-content\/uploads\/2022\/02\/SUPERFOODS.png\"},{\"@type\":\"BreadcrumbList\",\"@id\":\"https:\/\/cricksuperfoods.com\/nosotros\/#breadcrumb\",\"itemListElement\":[{\"@type\":\"ListItem\",\"position\":1,\"name\":\"Home\",\"item\":\"https:\/\/cricksuperfoods.com\/\"},{\"@type\":\"ListItem\",\"position\":2,\"name\":\"Nosotros\"}]},{\"@type\":\"WebSite\",\"@id\":\"https:\/\/cricksuperfoods.com\/#website\",\"url\":\"https:\/\/cricksuperfoods.com\/\",\"name\":\"Crick Superfoods\",\"description\":\"Alimentos con Prote\u00edna de Grillo\",\"potentialAction\":[{\"@type\":\"SearchAction\",\"target\":{\"@type\":\"EntryPoint\",\"urlTemplate\":\"https:\/\/cricksuperfoods.com\/?s={search_term_string}\"},\"query-input\":{\"@type\":\"PropertyValueSpecification\",\"valueRequired\":true,\"valueName\":\"search_term_string\"}}],\"inLanguage\":\"en-US\"}]}<\/script>\n<!-- \/ Yoast SEO plugin. -->","yoast_head_json":{"title":"Nosotros - Crick Superfoods","robots":{"index":"index","follow":"follow","max-snippet":"max-snippet:-1","max-image-preview":"max-image-preview:large","max-video-preview":"max-video-preview:-1"},"canonical":"https:\/\/cricksuperfoods.com\/en\/nosotros\/","og_locale":"en_US","og_type":"article","og_title":"Nosotros - Crick Superfoods","og_url":"https:\/\/cricksuperfoods.com\/en\/nosotros\/","og_site_name":"Crick Superfoods","article_modified_time":"2025-03-11T15:45:40+00:00","og_image":[{"url":"http:\/\/cricksuperfoods.com\/wp-content\/uploads\/2022\/02\/SUPERFOODS.png","type":"","width":"","height":""}],"twitter_card":"summary_large_image","twitter_misc":{"Est. reading time":"3 minutes"},"schema":{"@context":"https:\/\/schema.org","@graph":[{"@type":"WebPage","@id":"https:\/\/cricksuperfoods.com\/nosotros\/","url":"https:\/\/cricksuperfoods.com\/nosotros\/","name":"Nosotros - Crick Superfoods","isPartOf":{"@id":"https:\/\/cricksuperfoods.com\/#website"},"primaryImageOfPage":{"@id":"https:\/\/cricksuperfoods.com\/nosotros\/#primaryimage"},"image":{"@id":"https:\/\/cricksuperfoods.com\/nosotros\/#primaryimage"},"thumbnailUrl":"http:\/\/cricksuperfoods.com\/wp-content\/uploads\/2022\/02\/SUPERFOODS.png","datePublished":"2021-04-07T21:48:56+00:00","dateModified":"2025-03-11T15:45:40+00:00","breadcrumb":{"@id":"https:\/\/cricksuperfoods.com\/nosotros\/#breadcrumb"},"inLanguage":"en-US","potentialAction":[{"@type":"ReadAction","target":["https:\/\/cricksuperfoods.com\/nosotros\/"]}]},{"@type":"ImageObject","inLanguage":"en-US","@id":"https:\/\/cricksuperfoods.com\/nosotros\/#primaryimage","url":"http:\/\/cricksuperfoods.com\/wp-content\/uploads\/2022\/02\/SUPERFOODS.png","contentUrl":"http:\/\/cricksuperfoods.com\/wp-content\/uploads\/2022\/02\/SUPERFOODS.png"},{"@type":"BreadcrumbList","@id":"https:\/\/cricksuperfoods.com\/nosotros\/#breadcrumb","itemListElement":[{"@type":"ListItem","position":1,"name":"Home","item":"https:\/\/cricksuperfoods.com\/"},{"@type":"ListItem","position":2,"name":"Nosotros"}]},{"@type":"WebSite","@id":"https:\/\/cricksuperfoods.com\/#website","url":"https:\/\/cricksuperfoods.com\/","name":"Crick Superfoods","description":"Alimentos con Prote\u00edna de Grillo","potentialAction":[{"@type":"SearchAction","target":{"@type":"EntryPoint","urlTemplate":"https:\/\/cricksuperfoods.com\/?s={search_term_string}"},"query-input":{"@type":"PropertyValueSpecification","valueRequired":true,"valueName":"search_term_string"}}],"inLanguage":"en-US"}]}},"jetpack_sharing_enabled":true,"_links":{"self":[{"href":"https:\/\/cricksuperfoods.com\/en\/wp-json\/wp\/v2\/pages\/442","targetHints":{"allow":["GET"]}}],"collection":[{"href":"https:\/\/cricksuperfoods.com\/en\/wp-json\/wp\/v2\/pages"}],"about":[{"href":"https:\/\/cricksuperfoods.com\/en\/wp-json\/wp\/v2\/types\/page"}],"author":[{"embeddable":true,"href":"https:\/\/cricksuperfoods.com\/en\/wp-json\/wp\/v2\/users\/2"}],"replies":[{"embeddable":true,"href":"https:\/\/cricksuperfoods.com\/en\/wp-json\/wp\/v2\/comments?post=442"}],"version-history":[{"count":5,"href":"https:\/\/cricksuperfoods.com\/en\/wp-json\/wp\/v2\/pages\/442\/revisions"}],"predecessor-version":[{"id":844,"href":"https:\/\/cricksuperfoods.com\/en\/wp-json\/wp\/v2\/pages\/442\/revisions\/844"}],"wp:attachment":[{"href":"https:\/\/cricksuperfoods.com\/en\/wp-json\/wp\/v2\/media?parent=442"}],"curies":[{"name":"wp","href":"https:\/\/api.w.org\/{rel}","templated":true}]}}